{"id":567,"date":"2016-11-15T22:44:13","date_gmt":"2016-11-15T21:44:13","guid":{"rendered":"http:\/\/hisapeninfrangez.si\/shop\/chardonnay-demi-sec-2\/"},"modified":"2026-04-10T18:59:37","modified_gmt":"2026-04-10T16:59:37","slug":"chardonnay-demi-sec-2","status":"publish","type":"product","link":"https:\/\/hisapeninfrangez.si\/it\/shop\/chardonnay-demi-sec-2\/","title":{"rendered":"CHARDONNAY &#8211; DEMI SEC"},"content":{"rendered":"<div class=\"wpb_column vc_column_container vc_col-sm-8\">\n<div class=\"vc_column-inner \">\n<div class=\"wpb_wrapper\">\n<div class=\"wpb_text_column wpb_content_element \">\n<div class=\"wpb_wrapper\">\n<p>Desiderate sorprendere con un fiore che ricorda il gelsomino, all\u2019inizio di una primavera calda e fruttata? Servite lo spumante mezzo-secco Frange\u017e. L\u2019eccezionale armonia del corpo, con un tocco delle caratteristiche note del pompelmo, del limone e dell\u2019arancia, trasporta chiunque in un fiabesco mosaico di aromi caratteristici del chardonnay. Le bollicine accentuate simboleggiano l\u2019eleganza, il che significa che possiamo offrire questo spumante anche al pi\u00f9 esigente degli amanti dell\u2019aroma del vino. Inestimabile la sorpresa che ci offre la sfumatura giallo oro di questo spumante.<\/p>\n<p>Il corpo di questo spumante completer\u00e0 un antipasto leggero o si abbiner\u00e0 perfettamente ai dolci. Servito singolarmente, sar\u00e0 perfetto come introduzione a momenti speciali.<\/p>\n<p><strong>Vitigno<\/strong>: 100% chardonnay<br \/>\n<strong>Tipo di vendemmia<\/strong>: esclusivamente a mano<br \/>\n<strong>Tipo di produzione<\/strong>: metodo tradizionale \u2013 Methode Classique Traditionelle<br \/>\n<strong>Alcol<\/strong>: 12 % vol<br \/>\n<strong>Annata<\/strong>: 2008<\/p>\n<p><strong>Temperatura di servizio dello spumante<\/strong>: 6\u20138\u00b0C.<br \/>\n<strong>Area di produzione<\/strong>: Stiria, Slovenia<\/p>\n<\/div>\n<\/div>\n<\/div>\n<\/div>\n<\/div>\n","protected":false},"excerpt":{"rendered":"<div class=\"wpb_column vc_column_container vc_col-sm-4\">\n<div class=\"vc_column-inner \">\n<div class=\"wpb_wrapper\">\n<div class=\"wpb_text_column wpb_content_element \">\n<div class=\"wpb_wrapper\">\n<p><strong>PROFUMO<\/strong>: Un fiore che ricorda il gelsomino e che ci fa pensare all\u2019inizio di una primavera calda e fruttata.<\/p>\n<p><strong>SAPORE<\/strong>: Una sfumatura di pompelmo, limone e buccia d\u2019arancia che si conclude nell\u2019eccezionale conformit\u00e0 del copo.<\/p>\n<p><strong>COLORE<\/strong>: La sorpresa della sfumatura giallo oro, che presenta il riflesso delle eleganti bollicine accentuate.<\/p>\n<p><strong>COME ABBINARLO<\/strong>: Il corpo di questo spumante completer\u00e0 un antipasto leggero o si abbiner\u00e0 perfettamente ai dolci delicati.<\/p>\n<\/div>\n<\/div>\n<\/div>\n<\/div>\n<\/div>\n","protected":false},"featured_media":4560,"comment_status":"closed","ping_status":"closed","template":"","meta":[],"product_cat":[39,37],"product_tag":[],"_links":{"self":[{"href":"https:\/\/hisapeninfrangez.si\/it\/wp-json\/wp\/v2\/product\/567"}],"collection":[{"href":"https:\/\/hisapeninfrangez.si\/it\/wp-json\/wp\/v2\/product"}],"about":[{"href":"https:\/\/hisapeninfrangez.si\/it\/wp-json\/wp\/v2\/types\/product"}],"replies":[{"embeddable":true,"href":"https:\/\/hisapeninfrangez.si\/it\/wp-json\/wp\/v2\/comments?post=567"}],"wp:featuredmedia":[{"embeddable":true,"href":"https:\/\/hisapeninfrangez.si\/it\/wp-json\/wp\/v2\/media\/4560"}],"wp:attachment":[{"href":"https:\/\/hisapeninfrangez.si\/it\/wp-json\/wp\/v2\/media?parent=567"}],"wp:term":[{"taxonomy":"product_cat","embeddable":true,"href":"https:\/\/hisapeninfrangez.si\/it\/wp-json\/wp\/v2\/product_cat?post=567"},{"taxonomy":"product_tag","embeddable":true,"href":"https:\/\/hisapeninfrangez.si\/it\/wp-json\/wp\/v2\/product_tag?post=567"}],"curies":[{"name":"wp","href":"https:\/\/api.w.org\/{rel}","templated":true}]}}