{"id":534,"date":"2016-11-15T22:06:41","date_gmt":"2016-11-15T21:06:41","guid":{"rendered":"http:\/\/hisapeninfrangez.si\/shop\/fragola\/"},"modified":"2026-04-10T18:55:44","modified_gmt":"2026-04-10T16:55:44","slug":"fragola","status":"publish","type":"product","link":"https:\/\/hisapeninfrangez.si\/it\/shop\/fragola\/","title":{"rendered":"FRAGOLA"},"content":{"rendered":"<div class=\"wpb_column vc_column_container vc_col-sm-8\">\n<div class=\"vc_column-inner \">\n<div class=\"wpb_wrapper\">\n<div class=\"wpb_text_column wpb_content_element \">\n<div class=\"wpb_wrapper\">\n<p>Ancora un vino che completa il cerchio signorile dell\u2019assortimento della Casa degli spumanti Frange\u017e. Questa bevanda aromatizzata a base di vino \u00e8 distinta dal famoso frutto valoroso di ogni peccato, la fragola. Il suo carattere ci sorprender\u00e0 gi\u00e0 dal colore, che ricorda l\u2019elegante ros\u00e9. Quando questo spumante sveglier\u00e0 l\u2019attenzione del vostro occhio, non ci vorr\u00e0 molto prima che vi lascerete andare all\u2019infinito aroma fruttato della fragola e della delicata intonazione della mora. L\u2019uva utilizzata per creare questo vino proviene da vitigni diversi, che nel bicchiere si uniscono in una ricca dimensione dal corpo pieno.<\/p>\n<p>Ottimo come sorbetto alla frutta nelle lunghe serate d\u2019estate, o come sorpresa all\u2019inizio di un pasto, la fragola si presenta in una veste eccezionalmente frizzante.<\/p>\n<p><strong>Vitigno<\/strong>:<br \/>\n<strong>Tipo di vendemmia<\/strong>: esclusivamente a mano<br \/>\n<strong>Tipo di produzione<\/strong> : metodo charmat<br \/>\n<strong>Alcol<\/strong>: 11 % vol<br \/>\n<strong>Annata<\/strong>: 2014<\/p>\n<p><strong>Temperatura di servizio dello spumante<\/strong>: 4-6\u00b0C.<br \/>\n<strong>Area di produzione<\/strong>: Stiria, Slovenia<\/p>\n<\/div>\n<\/div>\n<\/div>\n<\/div>\n<\/div>\n","protected":false},"excerpt":{"rendered":"<div class=\"wpb_column vc_column_container vc_col-sm-4\">\n<div class=\"vc_column-inner \">\n<div class=\"wpb_wrapper\">\n<div class=\"wpb_text_column wpb_content_element \">\n<div class=\"wpb_wrapper\">\n<p><strong>PROFUMO<\/strong>: Quando questo spumante sveglier\u00e0 l\u2019attenzione del vostro occhio, non ci vorr\u00e0 molto prima che vi lascerete andare all\u2019infinito aroma fruttato della fragola e della delicata intonazione della mora.<\/p>\n<p><strong>SAPORE<\/strong>: Il sapore \u00e8 distinta dal famoso frutto valoroso di ogni peccato, la fragola.<\/p>\n<p><strong>COLORE<\/strong>: Il suo carattere ci sorprender\u00e0 gi\u00e0 dal colore, che ricorda l\u2019elegante ros\u00e9.<\/p>\n<p><strong>COME ABBINARLO<\/strong>: Ottimo come sorbetto alla frutta nelle lunghe serate d\u2019estate, o come sorpresa all\u2019inizio di un pasto, la fragola si presenta in una veste eccezionalmente frizzante.<\/p>\n<\/div>\n<\/div>\n<\/div>\n<\/div>\n<\/div>\n","protected":false},"featured_media":4532,"comment_status":"closed","ping_status":"closed","template":"","meta":[],"product_cat":[42],"product_tag":[],"_links":{"self":[{"href":"https:\/\/hisapeninfrangez.si\/it\/wp-json\/wp\/v2\/product\/534"}],"collection":[{"href":"https:\/\/hisapeninfrangez.si\/it\/wp-json\/wp\/v2\/product"}],"about":[{"href":"https:\/\/hisapeninfrangez.si\/it\/wp-json\/wp\/v2\/types\/product"}],"replies":[{"embeddable":true,"href":"https:\/\/hisapeninfrangez.si\/it\/wp-json\/wp\/v2\/comments?post=534"}],"wp:featuredmedia":[{"embeddable":true,"href":"https:\/\/hisapeninfrangez.si\/it\/wp-json\/wp\/v2\/media\/4532"}],"wp:attachment":[{"href":"https:\/\/hisapeninfrangez.si\/it\/wp-json\/wp\/v2\/media?parent=534"}],"wp:term":[{"taxonomy":"product_cat","embeddable":true,"href":"https:\/\/hisapeninfrangez.si\/it\/wp-json\/wp\/v2\/product_cat?post=534"},{"taxonomy":"product_tag","embeddable":true,"href":"https:\/\/hisapeninfrangez.si\/it\/wp-json\/wp\/v2\/product_tag?post=534"}],"curies":[{"name":"wp","href":"https:\/\/api.w.org\/{rel}","templated":true}]}}