{"id":160,"date":"2016-11-15T15:51:09","date_gmt":"2016-11-15T15:51:09","guid":{"rendered":"http:\/\/hisapeninfrangez.si\/it\/?page_id=160"},"modified":"2019-12-04T18:28:04","modified_gmt":"2019-12-04T17:28:04","slug":"dolce","status":"publish","type":"page","link":"https:\/\/hisapeninfrangez.si\/it\/dolce\/","title":{"rendered":"DOLCE"},"content":{"rendered":"<p>[vc_row full_width=&#8221;stretch_row_content&#8221;][vc_column width=&#8221;2\/12&#8243;][\/vc_column][vc_column width=&#8221;4\/12&#8243;][vc_single_image image=&#8221;3581&#8243; img_size=&#8221;large&#8221; alignment=&#8221;center&#8221; style=&#8221;vc_box_border&#8221; onclick=&#8221;img_link_large&#8221;][\/vc_column][vc_column width=&#8221;4\/12&#8243;][vc_column_text]<\/p>\n<h3>FRAGOLA<\/h3>\n<p><strong>PROFUMO<\/strong>: Quando questo spumante sveglier\u00e0 l&#8217;attenzione del vostro occhio, non ci vorr\u00e0 molto prima che vi lascerete andare all&#8217;infinito aroma fruttato della fragola e della delicata intonazione della mora.<\/p>\n<p><strong>SAPORE<\/strong>: Il sapore \u00e8 distinta dal famoso frutto valoroso di ogni peccato, la fragola.<\/p>\n<p><strong>COLORE<\/strong>: Il suo carattere ci sorprender\u00e0 gi\u00e0 dal colore, che ricorda l&#8217;elegante ros\u00e9.<\/p>\n<p><strong>COME ABBINARLO<\/strong>: Ottimo come sorbetto alla frutta nelle lunghe serate d&#8217;estate, o come sorpresa all&#8217;inizio di un pasto, la fragola si presenta in una veste eccezionalmente frizzante.[\/vc_column_text][\/vc_column][vc_column width=&#8221;2\/12&#8243;][\/vc_column][\/vc_row][vc_row full_width=&#8221;stretch_row_content&#8221;][vc_column width=&#8221;2\/12&#8243;][\/vc_column][vc_column width=&#8221;8\/12&#8243;][vc_separator][\/vc_column][vc_column width=&#8221;2\/12&#8243;][\/vc_column][\/vc_row][vc_row full_width=&#8221;stretch_row_content&#8221;][vc_column width=&#8221;2\/12&#8243;][\/vc_column][vc_column width=&#8221;8\/12&#8243;][vc_column_text]<strong>Occhio, naso, labbra<\/strong>: Ancora un vino che completa il cerchio signorile dell&#8217;assortimento della Casa degli spumanti Frange\u017e. Questa bevanda aromatizzata a base di vino \u00e8 distinta dal famoso frutto valoroso di ogni peccato, la fragola. Il suo carattere ci sorprender\u00e0 gi\u00e0 dal colore, che ricorda l&#8217;elegante ros\u00e9. Quando questo spumante sveglier\u00e0 l&#8217;attenzione del vostro occhio, non ci vorr\u00e0 molto prima che vi lascerete andare all&#8217;infinito aroma fruttato della fragola e della delicata intonazione della mora. L&#8217;uva utilizzata per creare questo vino proviene da vitigni diversi, che nel bicchiere si uniscono in una ricca dimensione dal corpo pieno.<\/p>\n<p>Ottimo come sorbetto alla frutta nelle lunghe serate d&#8217;estate, o come sorpresa all&#8217;inizio di un pasto, la fragola si presenta in una veste eccezionalmente frizzante.<\/p>\n<p>Vitigno:<br \/>\nTipo di vendemmia: esclusivamente a mano<br \/>\nTipo di produzione : metodo charmat<br \/>\nAlcol: 11 % vol<br \/>\nAnnata: 2014<\/p>\n<p>Temperatura di servizio dello spumante: 4-6\u00b0C.<br \/>\nArea di produzione: Stiria, Slovenia[\/vc_column_text][\/vc_column][vc_column width=&#8221;2\/12&#8243;][\/vc_column][\/vc_row][vc_row full_width=&#8221;stretch_row_content&#8221;][vc_column][vc_separator border_width=&#8221;2&#8243;][\/vc_column][\/vc_row][vc_row full_width=&#8221;stretch_row_content&#8221;][vc_column width=&#8221;2\/12&#8243;][\/vc_column][vc_column width=&#8221;4\/12&#8243;][vc_single_image image=&#8221;3585&#8243; img_size=&#8221;large&#8221; alignment=&#8221;center&#8221; style=&#8221;vc_box_border&#8221; onclick=&#8221;img_link_large&#8221;][\/vc_column][vc_column width=&#8221;4\/12&#8243;][vc_column_text]<\/p>\n<h3>PESCA<\/h3>\n<p><strong>PROFUMO<\/strong>: Un&#8217;eccezionale esplosione fruttata che conclude il tocco signorile di questo spumante.<\/p>\n<p><strong>SAPORE<\/strong>: L&#8217;inconfondibile stile della pesca da vigna completa l&#8217;armonia della struttura continua del vino, contribuendo alla sua ebbrezza intransigente.<\/p>\n<p><strong>COLORE<\/strong>: Un affascinante sfumatura color giallo oro.<\/p>\n<p><strong>COME ABBINARLO<\/strong>: Questo vino \u00e8 un ottimo accompagnamento per i dolci ai frutti di bosco e alle fragole, ma anche per le fragole fresche o per un melone succoso. Durante un&#8217;esperienza gastronomica convincer\u00e0 i pi\u00f9 esigenti nel ruolo di un sorbetto alla frutta.[\/vc_column_text][\/vc_column][vc_column width=&#8221;2\/12&#8243;][\/vc_column][\/vc_row][vc_row full_width=&#8221;stretch_row_content&#8221;][vc_column width=&#8221;2\/12&#8243;][\/vc_column][vc_column width=&#8221;8\/12&#8243;][vc_separator][\/vc_column][vc_column width=&#8221;2\/12&#8243;][\/vc_column][\/vc_row][vc_row full_width=&#8221;stretch_row_content&#8221;][vc_column width=&#8221;2\/12&#8243;][\/vc_column][vc_column width=&#8221;8\/12&#8243;][vc_column_text]<strong>Occhio, naso, labbra<\/strong>: Le realt\u00e0 naturali dell&#8217;area di origine della Stiria si uniscono in questa storia nell&#8217;esperienza indimenticabile e audace della bevanda aromatizzata a base di vino. Il fascino dell&#8217;elegante colore giallo oro, la perfezione delle bollicine e l&#8217;eccezionale aroma fruttato concludono con un tocco signorile questo spumante. Ed \u00e8 proprio al cerchio degli \u00bbspumanti signorili\u00ab che appartiene anche questo spumante. L&#8217;inconfondibile stile della pesca da vigna completa l&#8217;armonia della struttura continua del vino, contribuendo alla sua ebbrezza intransigente. Semplicemente impossibile immaginare una serata d&#8217;estate senza questo spumante.<\/p>\n<p>Questo vino \u00e8 un ottimo accompagnamento per i dolci ai frutti di bosco e alle fragole, ma anche per le fragole fresche o per un melone succoso. Durante un&#8217;esperienza gastronomica convincer\u00e0 i pi\u00f9 esigenti nel ruolo di un sorbetto alla frutta.<\/p>\n<p>Vitigno:<br \/>\nTipo di vendemmia: esclusivamente a mano<br \/>\nTipo di produzione : metodo charmat<br \/>\nAlcol: 10 % vol<br \/>\nAnnata: 2009<\/p>\n<p>Temperatura di servizio dello spumante: 4-6\u00b0C.<br \/>\nArea di produzione: Stiria, Slovenia[\/vc_column_text][\/vc_column][vc_column width=&#8221;2\/12&#8243;][\/vc_column][\/vc_row][vc_row full_width=&#8221;stretch_row_content&#8221;][vc_column][vc_separator border_width=&#8221;2&#8243;][\/vc_column][\/vc_row][vc_row full_width=&#8221;stretch_row_content&#8221;][vc_column width=&#8221;2\/12&#8243;][\/vc_column][vc_column width=&#8221;4\/12&#8243;][vc_single_image image=&#8221;3589&#8243; img_size=&#8221;large&#8221; alignment=&#8221;center&#8221; style=&#8221;vc_box_border&#8221; onclick=&#8221;img_link_large&#8221;][\/vc_column][vc_column width=&#8221;4\/12&#8243;][vc_column_text]<\/p>\n<h3>AMARENA<\/h3>\n<p><strong>PROFUMO<\/strong>: Gi\u00e0 il profumo di questo spumante dal carattere audace ed aromatico convincer\u00e0 tutti gli amanti di questo frutto succoso.<\/p>\n<p><strong>SAPORE<\/strong>: L&#8217;intensit\u00e0 del sapore dimostra la dimensione della perfezione dell&#8217;amarena, e ci ricorda il sapore dell&#8217;autentica marmellata o dei dolci dal sapore di questo frutto, creati dalle mani delle nostre nonne.<\/p>\n<p><strong>COLORE<\/strong>: L&#8217;eccezionale colore ros\u00e9 si lega perfettamente all&#8217;incessabile viaggio delle bollicine nel corpo del bicchiere.<\/p>\n<p><strong>COME ABBINARLO<\/strong>: Un sorbetto alla frutta sar\u00e0 un ottimo accompagnamento a un&#8217;esperienza gastronomica estiva. In pi\u00f9, la dolce amarena \u00e8 un supplemento indispensabile per la seduzione degli amanti non solo del dolce, ma anche dei sapori particolari.[\/vc_column_text][\/vc_column][vc_column width=&#8221;2\/12&#8243;][\/vc_column][\/vc_row][vc_row full_width=&#8221;stretch_row_content&#8221;][vc_column width=&#8221;2\/12&#8243;][\/vc_column][vc_column width=&#8221;8\/12&#8243;][vc_separator][\/vc_column][vc_column width=&#8221;2\/12&#8243;][\/vc_column][\/vc_row][vc_row full_width=&#8221;stretch_row_content&#8221;][vc_column width=&#8221;2\/12&#8243;][\/vc_column][vc_column width=&#8221;8\/12&#8243;][vc_column_text]<strong>Occhio, naso, labbra<\/strong>: Il sapore del terzo vino nell&#8217;ambito del cerchio signorile dell&#8217;assortimento delle bevande aromatizzate a base di vino, \u00e8 completato dalla dimensione succosa e fruttata dell&#8217;amarena. Gli amanti di questo vino saranno convinti dal suo carattere audace e pienamente aromatico. L&#8217;eccezionale colore ros\u00e9 si lega perfettamente all&#8217;incessabile viaggio delle bollicine nel corpo del bicchiere. L&#8217;intensit\u00e0 del sapore dimostra la dimensione della perfezione dell&#8217;amarena, e ci ricorda il sapore dell&#8217;autentica marmellata o dei dolci dal sapore di questo frutto, creati dalle mani delle nostre nonne. L&#8217;uva per la base proviene da diversi vitigni della Casa degli spumanti Frange\u017e, che aggiungono particolarit\u00e0 al carattere di questo vino.<\/p>\n<p>Un sorbetto alla frutta sar\u00e0 un ottimo accompagnamento a un&#8217;esperienza gastronomica estiva. In pi\u00f9, la dolce amarena \u00e8 un supplemento indispensabile per la seduzione degli amanti non solo del dolce, ma anche dei sapori particolari.<\/p>\n<p>Vitigno:<br \/>\nTipo di vendemmia: esclusivamente a mano<br \/>\nTipo di produzione : metodo charmat<br \/>\nAlcol: 11 % vol<br \/>\nAnnata: 2014<\/p>\n<p>Temperatura di servizio dello spumante: 4-6\u00b0C.<br \/>\nArea di produzione: Stiria, Slovenia[\/vc_column_text][\/vc_column][vc_column width=&#8221;2\/12&#8243;][\/vc_column][\/vc_row]<\/p>\n","protected":false},"excerpt":{"rendered":"<p>[vc_row full_width=&#8221;stretch_row_content&#8221;][vc_column width=&#8221;2\/12&#8243;][\/vc_column][vc_column width=&#8221;4\/12&#8243;][vc_single_image image=&#8221;3581&#8243; img_size=&#8221;large&#8221; alignment=&#8221;center&#8221; style=&#8221;vc_box_border&#8221; onclick=&#8221;img_link_large&#8221;][\/vc_column][vc_column width=&#8221;4\/12&#8243;][vc_column_text] FRAGOLA PROFUMO: Quando questo spumante sveglier\u00e0 l&#8217;attenzione del vostro occhio, non ci vorr\u00e0 molto prima che vi lascerete andare all&#8217;infinito aroma fruttato della fragola e della delicata intonazione della mora. SAPORE: Il sapore \u00e8 distinta dal famoso frutto valoroso di ogni peccato, la fragola. COLORE: Il suo carattere ci sorprender\u00e0&hellip;<\/p>\n","protected":false},"author":3,"featured_media":0,"parent":0,"menu_order":0,"comment_status":"closed","ping_status":"closed","template":"","meta":{"footnotes":""},"_links":{"self":[{"href":"https:\/\/hisapeninfrangez.si\/it\/wp-json\/wp\/v2\/pages\/160"}],"collection":[{"href":"https:\/\/hisapeninfrangez.si\/it\/wp-json\/wp\/v2\/pages"}],"about":[{"href":"https:\/\/hisapeninfrangez.si\/it\/wp-json\/wp\/v2\/types\/page"}],"author":[{"embeddable":true,"href":"https:\/\/hisapeninfrangez.si\/it\/wp-json\/wp\/v2\/users\/3"}],"replies":[{"embeddable":true,"href":"https:\/\/hisapeninfrangez.si\/it\/wp-json\/wp\/v2\/comments?post=160"}],"version-history":[{"count":0,"href":"https:\/\/hisapeninfrangez.si\/it\/wp-json\/wp\/v2\/pages\/160\/revisions"}],"wp:attachment":[{"href":"https:\/\/hisapeninfrangez.si\/it\/wp-json\/wp\/v2\/media?parent=160"}],"curies":[{"name":"wp","href":"https:\/\/api.w.org\/{rel}","templated":true}]}}