{"id":102,"date":"2016-11-15T15:37:01","date_gmt":"2016-11-15T15:37:01","guid":{"rendered":"http:\/\/hisapeninfrangez.si\/it\/?page_id=102"},"modified":"2016-11-25T01:52:19","modified_gmt":"2016-11-25T00:52:19","slug":"la-casa-degli-spumanti-frangez","status":"publish","type":"page","link":"https:\/\/hisapeninfrangez.si\/it\/la-casa-degli-spumanti-frangez\/","title":{"rendered":"LA CASA DEGLI SPUMANTI FRANGE\u017d"},"content":{"rendered":"<p>[vc_row][vc_column width=&#8221;1\/6&#8243;][\/vc_column][vc_column width=&#8221;2\/3&#8243;][vc_empty_space height=&#8221;&#8221; hide_on_mobile=&#8221;&#8221;][vc_single_image image=&#8221;391&#8243; img_size=&#8221;large&#8221; alignment=&#8221;center&#8221;][vc_empty_space height=&#8221;&#8221; hide_on_mobile=&#8221;&#8221;][vc_column_text]<\/p>\n<p style=\"text-align: center;\">Recentemente abbiamo ristrutturato la Casa degli spumanti Frange\u017e in un complesso totalmente nuovo. Come anche per gli spumanti, l&#8217;intera produzione del vino occupa i primi due piani. Ed \u00e8 li che fioriscono le nostre creazioni, che vengono curate eventualmente fino al momentu in cui vengono trasformate in bottiglie riservate al piacere puro.<\/p>\n<p style=\"text-align: center;\">Il terzo piano \u00e8 stato consacrato alla sala per le degustazioni, dove \u00e8 possibile, passeggiando nel mezzo del nostro ricco patrimonio culturale, assaggiare il mosaico di sapori delle bollicine della Casa Frange\u017e. Coloro che amano i classici tradizionali non potranno sfuggire ai magici 7, gli spumanti prodotti secondo il metodo classico. Tutti gli altri potranno lasciarsi andare dinanzi agli aromi degli spumanti creati secondo il metodo charmat.<\/p>\n<p style=\"text-align: center;\">Per i buongustai abbiamo preparato anche tre creazioni signorili dai sapori aromatizzati alla frutta, che, nel ruolo di un aperitivo fresco ed elegante, vi trasporteranno in una magica serata estiva.<br \/>\nNegli spazi superiori, appena sotto il tetto esteso, troverete una vecchia pressa da uva. Ancora oggi la utilizziamo con piacere nelle giornate cruciali della pressa. Nella Casa degli spumanti Frange\u017e, la pigiatura tradizionale rappresenta ancora oggi uno dei pi\u00f9 importanti simboli per la conservazione della cultura e delle tradizioni.<\/p>\n<p style=\"text-align: center;\">Se desidererete ricordare il vostro giorno pi\u00f9 speciale nella Casa degli spumanti Frange\u017e, dove nascono aromi unici, vi confidiamo che abbiamo gi\u00e0 aperto le nostre porte a numerosi sposi e spose novelli.<\/p>\n<p style=\"text-align: center;\">Nella Casa degli spumanti Frange\u017e potrete rendere speciale una festa di compleanno o un&#8217;incontro di lavoro. Possiamo accogliere pi\u00f9 di 500 ospiti che vogliono lasciarsi andare in maniera spensierata alla questa fiaba regale dei sapori.<\/p>\n<p>[\/vc_column_text][vc_empty_space height=&#8221;&#8221; alter_height=&#8221;large&#8221; hide_on_mobile=&#8221;1&#8243;][vc_empty_space height=&#8221;&#8221; hide_on_mobile=&#8221;&#8221;][\/vc_column][vc_column width=&#8221;1\/6&#8243;][\/vc_column][\/vc_row][vc_row][vc_column][vc_empty_space alter_height=&#8221;medium&#8221; hide_on_mobile=&#8221;&#8221;][\/vc_column][\/vc_row][vc_row][vc_column width=&#8221;1\/2&#8243;]<div  \n\tclass=\"sc_action sc_action_default\" data-slides-min-width=\"250\"\t><div class=\"sc_action_content sc_item_content\"><div class=\"sc_action_item sc_action_item_default with_image\"\n\t\t\t style=\"background-image:url(https:\/\/hisapeninfrangez.si\/wp-content\/uploads\/2016\/11\/Frange\u017e_degustacija.jpg);\">\n\t\t\t\t\t\t\t<div class=\"sc_action_item_mask\"><\/div>\n\t\t\t\t<div class=\"sc_action_item_inner\">\n\t\t\t\t<h6 class=\"sc_action_item_subtitle\"><span>Book<\/span><\/h6><h2 class=\"sc_action_item_title\"><span>TASTING<\/span><\/h2><a href=\"http:\/\/hisapeninfrangez.si\/degustation-of-sparkling-wines\/\" class=\"sc_action_item_link\">Book now<\/a><\/div><!-- \/.sc_action_item_inner --><\/div><\/div><\/div><!-- \/.sc_action -->[\/vc_column][vc_column width=&#8221;1\/2&#8243;]<div  \n\tclass=\"sc_action sc_action_default\" data-slides-min-width=\"250\"\t><div class=\"sc_action_content sc_item_content\"><div class=\"sc_action_item sc_action_item_default with_image\"\n\t\t\t style=\"background-image:url(https:\/\/hisapeninfrangez.si\/wp-content\/uploads\/2016\/11\/Frange\u017e_sho2p.jpg);\">\n\t\t\t\t\t\t\t<div class=\"sc_action_item_mask\"><\/div>\n\t\t\t\t<div class=\"sc_action_item_inner\">\n\t\t\t\t<h6 class=\"sc_action_item_subtitle\"><span>Online<\/span><\/h6><h2 class=\"sc_action_item_title\"><span>SHOP<\/span><\/h2><a href=\"http:\/\/hisapeninfrangez.si\/it\/negozio\" class=\"sc_action_item_link\">Shop now<\/a><\/div><!-- \/.sc_action_item_inner --><\/div><\/div><\/div><!-- \/.sc_action -->[\/vc_column][\/vc_row][vc_row][vc_column][vc_empty_space alter_height=&#8221;huge&#8221; hide_on_mobile=&#8221;&#8221;][\/vc_column][\/vc_row][vc_row full_width=&#8221;stretch_row_content_no_spaces&#8221; gap=&#8221;30&#8243; css=&#8221;.vc_custom_1477748191458{padding-top: 45px !important;padding-right: 45px !important;padding-bottom: 45px !important;padding-left: 45px !important;background-color: #2a2a2a !important;}&#8221;][vc_column width=&#8221;4\/12&#8243;][vc_single_image image=&#8221;347&#8243; img_size=&#8221;large&#8221; onclick=&#8221;img_link_large&#8221;][\/vc_column][vc_column width=&#8221;4\/12&#8243;][vc_single_image image=&#8221;335&#8243; img_size=&#8221;large&#8221; onclick=&#8221;img_link_large&#8221;][\/vc_column][vc_column width=&#8221;4\/12&#8243;][vc_single_image image=&#8221;343&#8243; img_size=&#8221;large&#8221; onclick=&#8221;img_link_large&#8221;][\/vc_column][\/vc_row][vc_row disable_element=&#8221;yes&#8221;][vc_column][vc_empty_space height=&#8221;&#8221; alter_height=&#8221;large&#8221; hide_on_mobile=&#8221;1&#8243;][vc_empty_space height=&#8221;&#8221; alter_height=&#8221;medium&#8221; hide_on_mobile=&#8221;&#8221;][\/vc_column][\/vc_row][vc_row][vc_column width=&#8221;1\/4&#8243;][\/vc_column][vc_column width=&#8221;1\/2&#8243;][vc_empty_space height=&#8221;&#8221; alter_height=&#8221;huge&#8221; hide_on_mobile=&#8221;1&#8243;][vc_empty_space height=&#8221;&#8221; alter_height=&#8221;medium&#8221; hide_on_mobile=&#8221;&#8221;][vc_column_text]<\/p>\n<blockquote><p>Il vino \u00e8\u00a0la luce del\u00a0sole<br \/>\ntenuta insieme dall&#8217;acqua<\/p><\/blockquote>\n<p style=\"text-align: center;\">Galileo Galilei<\/p>\n<p>[\/vc_column_text][vc_empty_space height=&#8221;&#8221; alter_height=&#8221;large&#8221; hide_on_mobile=&#8221;1&#8243;][vc_empty_space height=&#8221;&#8221; alter_height=&#8221;small&#8221; hide_on_mobile=&#8221;&#8221;][\/vc_column][vc_column width=&#8221;1\/4&#8243;][\/vc_column][\/vc_row][vc_row full_width=&#8221;stretch_row&#8221; disable_element=&#8221;yes&#8221; scheme=&#8221;dark&#8221;][vc_column width=&#8221;1\/6&#8243;][\/vc_column][vc_column width=&#8221;2\/3&#8243;][vc_empty_space height=&#8221;&#8221; alter_height=&#8221;large&#8221; hide_on_mobile=&#8221;1&#8243;][vc_empty_space height=&#8221;&#8221; alter_height=&#8221;medium&#8221; hide_on_mobile=&#8221;&#8221;]<div  \n\tclass=\"sc_icons sc_icons_default sc_icons_size_large sc_align_center\"\n\t\t><div class=\"sc_icons_item\"><div class=\"sc_icons_icon sc_icons_icon_type_fontawesome icon-grape-leafs\"\n\t\t\t\t\t\t\t\t\t\t\t\t><span class=\"sc_icons_icon_type_fontawesome icon-grape-leafs\"\n\t\t\t\t\t\t\t\t\t\t\t\t\t><\/span><\/div><\/div><\/div><!-- \/.sc_icons -->[vc_empty_space height=&#8221;&#8221; alter_height=&#8221;small&#8221; hide_on_mobile=&#8221;&#8221;][vc_column_text]<\/p>\n<blockquote><p>\u00bbVino je sonce, ujeto v kapljico vode\u00ab.<br \/>\nGalileo Galilei<\/p><\/blockquote>\n<p>[\/vc_column_text][vc_empty_space height=&#8221;&#8221; alter_height=&#8221;large&#8221; hide_on_mobile=&#8221;1&#8243;][vc_empty_space height=&#8221;&#8221; alter_height=&#8221;medium&#8221; hide_on_mobile=&#8221;&#8221;][\/vc_column][vc_column width=&#8221;1\/6&#8243;][\/vc_column][\/vc_row][vc_row full_width=&#8221;stretch_row_content_no_spaces&#8221;][vc_column css=&#8221;.vc_custom_1480035130683{background-image: url(https:\/\/hisapeninfrangez.si\/wp-content\/uploads\/2016\/11\/Hi\u0161a_penin_Frange\u017e_klet_panorama-1.jpg?id=327) !important;background-position: center !important;background-repeat: no-repeat !important;background-size: cover !important;}&#8221;][vc_empty_space height=&#8221;&#8221; alter_height=&#8221;huge&#8221; hide_on_mobile=&#8221;&#8221;][vc_empty_space height=&#8221;&#8221; alter_height=&#8221;huge&#8221; hide_on_mobile=&#8221;&#8221;][vc_empty_space height=&#8221;&#8221; alter_height=&#8221;huge&#8221; hide_on_mobile=&#8221;&#8221;][vc_empty_space height=&#8221;&#8221; alter_height=&#8221;large&#8221; hide_on_mobile=&#8221;&#8221;][vc_empty_space height=&#8221;&#8221; alter_height=&#8221;large&#8221; hide_on_mobile=&#8221;&#8221;][vc_empty_space height=&#8221;&#8221; alter_height=&#8221;large&#8221; hide_on_mobile=&#8221;&#8221;][\/vc_column][\/vc_row]<\/p>\n","protected":false},"excerpt":{"rendered":"<p>[vc_row][vc_column width=&#8221;1\/6&#8243;][\/vc_column][vc_column width=&#8221;2\/3&#8243;][vc_empty_space height=&#8221;&#8221; hide_on_mobile=&#8221;&#8221;][vc_single_image image=&#8221;391&#8243; img_size=&#8221;large&#8221; alignment=&#8221;center&#8221;][vc_empty_space height=&#8221;&#8221; hide_on_mobile=&#8221;&#8221;][vc_column_text] Recentemente abbiamo ristrutturato la Casa degli spumanti Frange\u017e in un complesso totalmente nuovo. Come anche per gli spumanti, l&#8217;intera produzione del vino occupa i primi due piani. Ed \u00e8 li che fioriscono le nostre creazioni, che vengono curate eventualmente fino al momentu in cui vengono trasformate in bottiglie riservate al&hellip;<\/p>\n","protected":false},"author":3,"featured_media":339,"parent":0,"menu_order":0,"comment_status":"closed","ping_status":"closed","template":"","meta":{"footnotes":""},"_links":{"self":[{"href":"https:\/\/hisapeninfrangez.si\/it\/wp-json\/wp\/v2\/pages\/102"}],"collection":[{"href":"https:\/\/hisapeninfrangez.si\/it\/wp-json\/wp\/v2\/pages"}],"about":[{"href":"https:\/\/hisapeninfrangez.si\/it\/wp-json\/wp\/v2\/types\/page"}],"author":[{"embeddable":true,"href":"https:\/\/hisapeninfrangez.si\/it\/wp-json\/wp\/v2\/users\/3"}],"replies":[{"embeddable":true,"href":"https:\/\/hisapeninfrangez.si\/it\/wp-json\/wp\/v2\/comments?post=102"}],"version-history":[{"count":0,"href":"https:\/\/hisapeninfrangez.si\/it\/wp-json\/wp\/v2\/pages\/102\/revisions"}],"wp:featuredmedia":[{"embeddable":true,"href":"https:\/\/hisapeninfrangez.si\/it\/wp-json\/wp\/v2\/media\/339"}],"wp:attachment":[{"href":"https:\/\/hisapeninfrangez.si\/it\/wp-json\/wp\/v2\/media?parent=102"}],"curies":[{"name":"wp","href":"https:\/\/api.w.org\/{rel}","templated":true}]}}