{"id":22,"date":"2016-11-13T20:42:58","date_gmt":"2016-11-13T20:42:58","guid":{"rendered":"http:\/\/hisapeninfrangez.si\/?page_id=22"},"modified":"2022-10-17T08:59:58","modified_gmt":"2022-10-17T06:59:58","slug":"home","status":"publish","type":"page","link":"https:\/\/hisapeninfrangez.si\/en\/","title":{"rendered":"Home"},"content":{"rendered":"<p>[vc_row full_width=&#8221;stretch_row_content_no_spaces&#8221; full_height=&#8221;yes&#8221; columns_placement=&#8221;stretch&#8221; content_placement=&#8221;middle&#8221; css=&#8221;.vc_custom_1479929628625{background-color: #ffffff !important;}&#8221;][vc_column]<a id=\"sc_anchor_favourite_place\" class=\"sc_anchor\" \n\t\ttitle=\"Favourite Place\" \n\t\tdata-icon=\"\" \n\t\tdata-url=\"\"\n><\/a><div  \n\tclass=\"sc_promo sc_promo_default sc_promo_size_large\"\n\t\t><div class=\"sc_promo_image\" style=\"background-image:url(https:\/\/hisapeninfrangez.si\/wp-content\/uploads\/2016\/11\/Jernej_Frange\u017e_portret.jpg);width:50%;left: 0;\"><\/div><div class=\"sc_promo_text trx_addons_stretch_height\" style=\"width: 50%;float: right;\">\n\t\t\t<div class=\"sc_promo_text_inner sc_align_center\" style=\"\"><div class=\"sc_promo_icon\" data-icon=\"icon-grape-3\"><span class=\"icon-grape-3\"><\/span><\/div><h2 class=\"sc_item_title sc_promo_title\">ABOUT US<\/h2><h5 class=\"sc_item_subtitle sc_promo_subtitle\">When unique character convinces even the most demanding<\/h5><div class=\"sc_item_descr sc_promo_descr\">We are proud of our 160-year tradition of producing and maturing some of the best tasting wines sparkling wines in the area.<\/p>\n<p>With love for wine and nature,<\/p>\n<p>Jernej Frange\u017e<\/div><div class=\"sc_item_button sc_promo_button sc_button_wrap\"><a href=\"https:\/\/hisapeninfrangez.si\/en\/frangez-sparkling-wine-house\/\"\n\t \n\tclass=\"sc_button sc_button_simple sc_button_size_normal sc_button_icon_top\"\n\t\t><span class=\"sc_button_icon\"><span class=\"icon-down-big\"><\/span><\/span><span class=\"sc_button_text\"><span class=\"sc_button_title\">OUR HOUSE<\/span><\/span><!-- \/.sc_button_text --><\/a><!-- \/.sc_button --><\/div><!-- \/.sc_item_button sc_promo_button --><\/div>\n\t\t<\/div><!-- \/.sc_promo_text --><\/div><!-- \/.sc_promo -->[\/vc_column][\/vc_row][vc_row full_width=&#8221;stretch_row_content_no_spaces&#8221; full_height=&#8221;yes&#8221; columns_placement=&#8221;stretch&#8221; content_placement=&#8221;middle&#8221;][vc_column css=&#8221;.vc_custom_1465806595697{background-position: center !important;background-repeat: no-repeat !important;background-size: cover !important;}&#8221;]<a id=\"sc_anchor_wine_essentials\" class=\"sc_anchor\" \n\t\ttitle=\"Wine Essentials\" \n\t\tdata-icon=\"\" \n\t\tdata-url=\"\"\n><\/a><div  \n\tclass=\"sc_promo sc_promo_default sc_promo_size_large\"\n\t\t><div class=\"sc_promo_image\" style=\"background-image:url(https:\/\/hisapeninfrangez.si\/wp-content\/uploads\/2016\/11\/Hi\u0161a_penin_Frange\u017e_klet-1.jpg);width:50%;right: 0;\"><\/div><div class=\"sc_promo_text trx_addons_stretch_height\" style=\"width: 50%;float: left;\">\n\t\t\t<div class=\"sc_promo_text_inner sc_align_center\" style=\"\"><div class=\"sc_promo_icon\" data-icon=\"icon-grape-leafs\"><span class=\"icon-grape-leafs\"><\/span><\/div><h2 class=\"sc_item_title sc_promo_title\">Charming mosaic of flavors<\/h2><div class=\"sc_item_descr sc_promo_descr\">From the underground rises a multi-storied building where we produce the most memorable and convincing flavors in the entire Styria region, especially for you.<\/p>\n<p>To be able to transfer the potential of flavor into a glass, we took the advantage of the ideal natural conditions on our trellises and in our carefully tended vineyards.<\/p>\n<p>The architecture of Frange\u017e Sparkling Wine House has enabled us to utilize cutting-edge technology and produce more than 200,000 bottles of one of the most prestigious beverages in the world, sparkling wine. Regardless of the production method \u2013 be it either the traditional or tank method \u2013 we strive to create irresistible flavors you will want to experience again and again.<\/p>\n<p>In case you are not that much of a sparkling wine enthusiast, our offer also includes still wines that were carefully matured in 250-year old oak barrels.<\/p>\n<p>The royal character of Frange\u017e sparkling wines will gratify the palate of even the most demanding sparkling wine connoisseur.<\/div><\/div>\n\t\t<\/div><!-- \/.sc_promo_text --><\/div><!-- \/.sc_promo -->[\/vc_column][\/vc_row][vc_row full_width=&#8221;stretch_row_content_no_spaces&#8221; full_height=&#8221;yes&#8221; content_placement=&#8221;middle&#8221; disable_element=&#8221;yes&#8221;][vc_column width=&#8221;1\/2&#8243;]<div id=\"sc_content_2010830642\"\n\t\tclass=\"sc_content sc_content_default\n\t\t\t\t\t\t\t\t\t home_products\t\t\t\t\t\t\t\t\t\"\n\t\t><div class=\"sc_content_container\"><div class=\"woocommerce columns-2 \"><\/div><\/div><\/div><!-- \/.sc_content -->[\/vc_column][vc_column width=&#8221;1\/2&#8243;]<a id=\"sc_anchor_our_wines\" class=\"sc_anchor\" \n\t\ttitle=\"Our Wines\" \n\t\tdata-icon=\"\" \n\t\tdata-url=\"\"\n><\/a><div  \n\tclass=\"sc_promo sc_promo_default sc_promo_size_large sc_promo_no_image\"\n\t\t><div class=\"sc_promo_text\" style=\"width: 100%;\">\n\t\t\t<div class=\"sc_promo_text_inner sc_align_center\" style=\"\"><div class=\"sc_promo_icon\" data-icon=\"icon-bottles\"><span class=\"icon-bottles\"><\/span><\/div><h2 class=\"sc_item_title sc_promo_title\">Our Wines<\/h2><h5 class=\"sc_item_subtitle sc_promo_subtitle\">We make wine with a thought of our customers, therefore the team...<\/h5><div class=\"sc_item_descr sc_promo_descr\">Pressing is the act of applying pressure to grapes or pomace in order to separate juice or wine from grapes and grape skins. Pressing is not always a necessary act in winemaking; if grapes are crushed there is a considerable amount of juice immediately liberated (called free-run juice) that can be used for vinification. Typically this free-run juice is of a higher quality than the press juice.<\/div><div class=\"sc_item_button sc_promo_button sc_button_wrap\"><a href=\"https:\/\/hisapeninfrangez.si\/wine-list\/\"\n\t \n\tclass=\"sc_button sc_button_simple sc_button_size_normal sc_button_icon_top\"\n\t\t><span class=\"sc_button_icon\"><span class=\"icon-down-big\"><\/span><\/span><span class=\"sc_button_text\"><span class=\"sc_button_title\">Wine List<\/span><\/span><!-- \/.sc_button_text --><\/a><!-- \/.sc_button --><\/div><!-- \/.sc_item_button sc_promo_button --><\/div>\n\t\t<\/div><!-- \/.sc_promo_text --><\/div><!-- \/.sc_promo -->[\/vc_column][\/vc_row][vc_row full_width=&#8221;stretch_row_content_no_spaces&#8221; full_height=&#8221;yes&#8221; columns_placement=&#8221;stretch&#8221; content_placement=&#8221;middle&#8221; disable_element=&#8221;yes&#8221;][vc_column width=&#8221;1\/2&#8243;]<div id=\"sc_content_1195630269\"\n\t\tclass=\"sc_content sc_content_default\n\t\t\t\t\t\t\t\t\t\t\t\t\t\t\t sc_padding_large\t\t\t\"\n\t\t><div class=\"sc_content_container\">[trx_sc_events cat=&#8221;0&#8243; count=&#8221;4&#8243; columns=&#8221;1&#8243; past=&#8221;&#8221; slider=&#8221;&#8221; slides_space=&#8221;0&#8243; title=&#8221;Events&#8221; subtitle=&#8221;&#8221; description=&#8221;&#8221; link=&#8221;https:\/\/hisapeninfrangez.si\/events\/&#8221; link_text=&#8221;All Events&#8221; link_image=&#8221;&#8221; scheme=&#8221;inherit&#8221; id=&#8221;&#8221; class=&#8221;&#8221; css=&#8221;&#8221; type=&#8221;detailed&#8221;]<\/div><\/div><!-- \/.sc_content -->[\/vc_column][vc_column width=&#8221;1\/2&#8243;]<a id=\"sc_anchor_events\" class=\"sc_anchor\" \n\t\ttitle=\"Events\" \n\t\tdata-icon=\"\" \n\t\tdata-url=\"\"\n><\/a><div  \n\tclass=\"sc_action sc_action_event\" data-slides-min-width=\"250\"\t><div class=\"sc_action_content sc_item_content\"><div class=\"sc_action_item sc_action_item_event with_image trx_addons_stretch_height\"\n\t\t\t style=\"background-image:url(http:\/\/460);\">\n\t\t\t\t\t\t\t<div class=\"sc_action_item_mask\"><\/div>\n\t\t\t\t<div class=\"sc_action_item_inner\">\n\t\t\t\t<div class=\"sc_action_item_image\"><img decoding=\"async\" src=\"http:\/\/245\" alt=\"\"><\/div><h6 class=\"sc_action_item_subtitle\"><span>Spring Hill<\/span><\/h6><h2 class=\"sc_action_item_title\"><span>Wine Festival<\/span><\/h2><div class=\"sc_action_item_date\">Saturday, May 7, 2016<\/div><div class=\"sc_action_item_description\"><span>Historic Oaklawn Plantation<\/span><span><\/span><span><b>6-9 PM<\/b><\/span><\/div><div class=\"sc_action_item_info\"><span>33335 Denning Lane, Spring Hill * Tel. 800 1235 65 98 * facebook: Spring Hill<\/span><\/div><\/div><!-- \/.sc_action_inner --><a href=\"http:\/\/laonwine.themerex.net\/event\/wine-festival-spring-hill\/\" class=\"sc_action_item_link sc_action_item_link_over\"><\/a><\/div><\/div><\/div><!-- \/.sc_action -->[\/vc_column][\/vc_row][vc_row full_height=&#8221;yes&#8221; content_placement=&#8221;middle&#8221;][vc_column]<a id=\"sc_anchor_awards\" class=\"sc_anchor\" \n\t\ttitle=\"Our awards\" \n\t\tdata-icon=\"\" \n\t\tdata-url=\"\"\n><\/a>[vc_empty_space height=&#8221;&#8221; hide_on_mobile=&#8221;&#8221;]<div  \n\tclass=\"sc_icons sc_icons_default sc_icons_size_medium sc_align_center\"\n\t\t><div class=\"sc_icons_columns sc_item_columns trx_addons_columns_wrap columns_padding_bottom\"><div class=\"trx_addons_column-1_3\"><div class=\"sc_icons_item sc_icons_item_linked\"><div class=\"sc_icons_image\"><img loading=\"lazy\" decoding=\"async\" src=\"https:\/\/hisapeninfrangez.si\/wp-content\/uploads\/2016\/11\/slika1.png\" alt=\"\" width=\"276\" height=\"276\"><\/div><h4 class=\"sc_icons_title\"><span>Awards<\/span><\/h4><a href=\"http:\/\/hisapeninfrangez.si\/en\/awards\/\" class=\"sc_icons_link\"><\/a><\/div><\/div><div class=\"trx_addons_column-1_3\"><div class=\"sc_icons_item sc_icons_item_linked\"><div class=\"sc_icons_image\"><img loading=\"lazy\" decoding=\"async\" src=\"https:\/\/hisapeninfrangez.si\/wp-content\/uploads\/2016\/11\/slika3.png\" alt=\"\" width=\"276\" height=\"276\"><\/div><h4 class=\"sc_icons_title\"><span>Shop<\/span><\/h4><a href=\"http:\/\/hisapeninfrangez.si\/en\/shop\/\" class=\"sc_icons_link\"><\/a><\/div><\/div><div class=\"trx_addons_column-1_3\"><div class=\"sc_icons_item sc_icons_item_linked\"><div class=\"sc_icons_image\"><img loading=\"lazy\" decoding=\"async\" src=\"https:\/\/hisapeninfrangez.si\/wp-content\/uploads\/2016\/11\/slika2.png\" alt=\"\" width=\"276\" height=\"276\"><\/div><h4 class=\"sc_icons_title\"><span>Region<\/span><\/h4><a href=\"http:\/\/hisapeninfrangez.si\/en\/region\/\" class=\"sc_icons_link\"><\/a><\/div><\/div><\/div><\/div><!-- \/.sc_icons -->[vc_empty_space height=&#8221;&#8221; hide_on_mobile=&#8221;&#8221;][\/vc_column][\/vc_row][vc_row full_width=&#8221;stretch_row_content_no_spaces&#8221; full_height=&#8221;yes&#8221; columns_placement=&#8221;stretch&#8221; content_placement=&#8221;middle&#8221; css=&#8221;.vc_custom_1480036698504{background-image: url(https:\/\/hisapeninfrangez.si\/wp-content\/uploads\/2016\/11\/Hi\u0161a_penin_Frange\u017e_contact.jpg?id=401) !important;background-position: center !important;background-repeat: no-repeat !important;background-size: cover !important;}&#8221;][vc_column width=&#8221;1\/3&#8243;][\/vc_column][vc_column width=&#8221;1\/3&#8243; css=&#8221;.vc_custom_1479238865604{padding-top: 0px !important;padding-right: 8% !important;padding-left: 8% !important;background-color: #ffffff !important;}&#8221; el_class=&#8221;home-contact&#8221;]<a id=\"sc_anchor_address\" class=\"sc_anchor\" \n\t\ttitle=\"Our Address\" \n\t\tdata-icon=\"\" \n\t\tdata-url=\"\"\n><\/a>[vc_empty_space height=&#8221;&#8221; alter_height=&#8221;medium&#8221; hide_on_mobile=&#8221;&#8221;]<div  \n\tclass=\"sc_promo sc_promo_default kontakt-box sc_promo_size_normal sc_promo_no_paddings sc_promo_no_image\"\n\t\t><div class=\"sc_promo_text sc_float_center trx_addons_stretch_height\" style=\"width: 100%;\">\n\t\t\t<div class=\"sc_promo_text_inner sc_align_center\" style=\"\"><div class=\"sc_promo_icon\" data-icon=\"icon-winery\"><span class=\"icon-winery\"><\/span><\/div><h2 class=\"sc_item_title sc_promo_title\">Get in touch<\/h2><h5 class=\"sc_item_subtitle sc_promo_subtitle\">Visit us and taste our royal flavors for yourself!<\/h5><div class=\"sc_promo_content sc_item_content\">[vc_column_text]<em><strong>Address:<\/strong><\/em><br \/>\nHi\u0161a penin Frange\u017e, Hercegov\u0161\u010dak 41a,<br \/>\n9250 Gornja Radgona,\u00a0Slovenia<\/p>\n<p>Jernej Frange\u017e<\/p>\n<p><em><strong>Phone (GSM):<\/strong><\/em><br \/>\n00386 (0)41 716 527[\/vc_column_text]<\/div><div class=\"sc_item_button sc_promo_button sc_button_wrap\"><a href=\"https:\/\/hisapeninfrangez.si\/en\/contact-us\/\"\n\t \n\tclass=\"sc_button sc_button_simple sc_button_size_normal sc_button_icon_top\"\n\t\t><span class=\"sc_button_icon\"><span class=\"icon-down-big\"><\/span><\/span><span class=\"sc_button_text\"><span class=\"sc_button_title\">Contact us<\/span><\/span><!-- \/.sc_button_text --><\/a><!-- \/.sc_button --><\/div><!-- \/.sc_item_button sc_promo_button --><\/div>\n\t\t<\/div><!-- \/.sc_promo_text --><\/div><!-- \/.sc_promo -->[vc_empty_space height=&#8221;&#8221; alter_height=&#8221;medium&#8221; hide_on_mobile=&#8221;&#8221;][\/vc_column][vc_column width=&#8221;1\/3&#8243;][\/vc_column][\/vc_row][vc_row][vc_column css=&#8221;.vc_custom_1466156080949{padding-top: 0px !important;padding-right: 0px !important;padding-bottom: 0px !important;padding-left: 0px !important;}&#8221;]<a id=\"sc_anchor_footer_menu\" class=\"sc_anchor\" \n\t\ttitle=\"Footer menu\" \n\t\tdata-icon=\"\" \n\t\tdata-url=\"\"\n><\/a>[\/vc_column][\/vc_row]<\/p>\n","protected":false},"excerpt":{"rendered":"<p>[vc_row full_width=&#8221;stretch_row_content_no_spaces&#8221; full_height=&#8221;yes&#8221; columns_placement=&#8221;stretch&#8221; content_placement=&#8221;middle&#8221; css=&#8221;.vc_custom_1479929628625{background-color: #ffffff !important;}&#8221;][vc_column][\/vc_column][\/vc_row][vc_row full_width=&#8221;stretch_row_content_no_spaces&#8221; full_height=&#8221;yes&#8221; columns_placement=&#8221;stretch&#8221; content_placement=&#8221;middle&#8221;][vc_column css=&#8221;.vc_custom_1465806595697{background-position: center !important;background-repeat: no-repeat !important;background-size: cover !important;}&#8221;][\/vc_column][\/vc_row][vc_row full_width=&#8221;stretch_row_content_no_spaces&#8221; full_height=&#8221;yes&#8221; content_placement=&#8221;middle&#8221; disable_element=&#8221;yes&#8221;][vc_column width=&#8221;1\/2&#8243;][\/vc_column][vc_column width=&#8221;1\/2&#8243;][\/vc_column][\/vc_row][vc_row full_width=&#8221;stretch_row_content_no_spaces&#8221; full_height=&#8221;yes&#8221; columns_placement=&#8221;stretch&#8221; content_placement=&#8221;middle&#8221; disable_element=&#8221;yes&#8221;][vc_column width=&#8221;1\/2&#8243;][\/vc_column][vc_column width=&#8221;1\/2&#8243;][\/vc_column][\/vc_row][vc_row full_height=&#8221;yes&#8221; content_placement=&#8221;middle&#8221;][vc_column][vc_empty_space height=&#8221;&#8221; hide_on_mobile=&#8221;&#8221;][vc_empty_space height=&#8221;&#8221; hide_on_mobile=&#8221;&#8221;][\/vc_column][\/vc_row][vc_row full_width=&#8221;stretch_row_content_no_spaces&#8221; full_height=&#8221;yes&#8221; columns_placement=&#8221;stretch&#8221; content_placement=&#8221;middle&#8221; css=&#8221;.vc_custom_1480036698504{background-image: url(https:\/\/hisapeninfrangez.si\/wp-content\/uploads\/2016\/11\/Hi\u0161a_penin_Frange\u017e_contact.jpg?id=401) !important;background-position: center !important;background-repeat: no-repeat !important;background-size: cover !important;}&#8221;][vc_column width=&#8221;1\/3&#8243;][\/vc_column][vc_column width=&#8221;1\/3&#8243; css=&#8221;.vc_custom_1479238865604{padding-top: 0px !important;padding-right: 8% !important;padding-left: 8% !important;background-color:&hellip;<\/p>\n","protected":false},"author":3,"featured_media":405,"parent":0,"menu_order":0,"comment_status":"closed","ping_status":"closed","template":"","meta":{"footnotes":""},"_links":{"self":[{"href":"https:\/\/hisapeninfrangez.si\/en\/wp-json\/wp\/v2\/pages\/22"}],"collection":[{"href":"https:\/\/hisapeninfrangez.si\/en\/wp-json\/wp\/v2\/pages"}],"about":[{"href":"https:\/\/hisapeninfrangez.si\/en\/wp-json\/wp\/v2\/types\/page"}],"author":[{"embeddable":true,"href":"https:\/\/hisapeninfrangez.si\/en\/wp-json\/wp\/v2\/users\/3"}],"replies":[{"embeddable":true,"href":"https:\/\/hisapeninfrangez.si\/en\/wp-json\/wp\/v2\/comments?post=22"}],"version-history":[{"count":0,"href":"https:\/\/hisapeninfrangez.si\/en\/wp-json\/wp\/v2\/pages\/22\/revisions"}],"wp:featuredmedia":[{"embeddable":true,"href":"https:\/\/hisapeninfrangez.si\/en\/wp-json\/wp\/v2\/media\/405"}],"wp:attachment":[{"href":"https:\/\/hisapeninfrangez.si\/en\/wp-json\/wp\/v2\/media?parent=22"}],"curies":[{"name":"wp","href":"https:\/\/api.w.org\/{rel}","templated":true}]}}