{"id":588,"date":"2016-11-15T22:59:20","date_gmt":"2016-11-15T21:59:20","guid":{"rendered":"http:\/\/hisapeninfrangez.si\/shop\/traminer-brut-natur-2\/"},"modified":"2026-04-10T18:57:21","modified_gmt":"2026-04-10T16:57:21","slug":"traminer-brut-natur-2","status":"publish","type":"product","link":"https:\/\/hisapeninfrangez.si\/de\/shop\/traminer-brut-natur-2\/","title":{"rendered":"TRAMINER &#8211; BRUT NATUR"},"content":{"rendered":"<p>Der lebhafte Aufstieg der Blasen im Glas l\u00e4sst uns wissen, dass es sich um etwas K\u00f6nigliches handelt. Der Duft der wilden Rosen f\u00fchrt in eine reiche Struktur und Harmonie des K\u00f6rpers und zeigt, dass die sorgf\u00e4ltig gepflegte Trauben, die in den Weinbergen des Hauses der Schaumweine Frange\u017e wachsen, vollkommen gereift sind. Die Aroma wird durch ein Mosaik aus S\u00fc\u00dfholzwurzeln und Nelken charakterisiert, weshalb die Wahl dieses Sektes den Beginn und die Fortsetzung eines gro\u00dfen gesellschaftlichen Anlasses und kulinarischen Erlebnisses signalisiert.<\/p>\n<p>Die unvergessliche Eleganz im Glas wird am besten durch ausgew\u00e4hlte Musik erg\u00e4nzt. Dieser Wein wird am besten zusammen mit ger\u00e4uchertem Lachs oder leicht w\u00fcrzigen K\u00e4sesorten serviert.<\/p>\n<p><strong>Sorte<\/strong>: Traminer\/Savagnin Blanc<br \/>\n<strong>Ernte<\/strong>: ausschlie\u00dflich von Hand<br \/>\n<strong>Herstellungsverfahren<\/strong> : Traditionelle Methode-Methode Classique Traditionelle<br \/>\n<strong>Alkohol<\/strong>: 12,5% vol<br \/>\n<strong>Jahrgang<\/strong>: 2008<\/p>\n<p><strong>Anerkennungen<\/strong>:<\/p>\n<ul>\n<li>2010, International Wine &amp; Spirit Competition London, Bronze<\/li>\n<li>Ritter Wein im Jahr 2013, Ordo Equestris vini Europae, 2013<\/li>\n<\/ul>\n<p><strong>Serviertemperatur<\/strong>: 6-8\u00b0C<br \/>\n<strong>Herkunftsregion<\/strong>: Steiermark, Slowenien<\/p>\n","protected":false},"excerpt":{"rendered":"<div class=\"wpb_column vc_column_container vc_col-sm-4\">\n<div class=\"vc_column-inner \">\n<div class=\"wpb_wrapper\">\n<div class=\"wpb_text_column wpb_content_element \">\n<div class=\"wpb_wrapper\">\n<p><strong>DUFT<\/strong>: Typische Wildrosenbl\u00fcten, die in einem intensiven Aroma der reifen Trauben reichlich fortgesetzt werden.<\/p>\n<p><strong>GESCHMACK<\/strong>: Mosaik von s\u00fc\u00dfen Karotten und Gew\u00fcrznelken k\u00fcndigt an, dass dieser Schaumwein eine hervorragende Einleitung in ein angenehmes kulinarisches Erlebnis ist.<\/p>\n<p><strong>FARBE<\/strong>: Sanfte Intonation einer edlen goldgelben Farbe.<\/p>\n<p><strong>ERG\u00c4NZT HERVORRAGEN<\/strong>: Als Begleitung des kompromisslosen Lachs ober einer Auswahl von pikanten K\u00e4sen.<\/p>\n<\/div>\n<\/div>\n<\/div>\n<\/div>\n<\/div>\n","protected":false},"featured_media":3106,"comment_status":"closed","ping_status":"closed","template":"","meta":[],"product_cat":[26,34],"product_tag":[],"_links":{"self":[{"href":"https:\/\/hisapeninfrangez.si\/de\/wp-json\/wp\/v2\/product\/588"}],"collection":[{"href":"https:\/\/hisapeninfrangez.si\/de\/wp-json\/wp\/v2\/product"}],"about":[{"href":"https:\/\/hisapeninfrangez.si\/de\/wp-json\/wp\/v2\/types\/product"}],"replies":[{"embeddable":true,"href":"https:\/\/hisapeninfrangez.si\/de\/wp-json\/wp\/v2\/comments?post=588"}],"wp:featuredmedia":[{"embeddable":true,"href":"https:\/\/hisapeninfrangez.si\/de\/wp-json\/wp\/v2\/media\/3106"}],"wp:attachment":[{"href":"https:\/\/hisapeninfrangez.si\/de\/wp-json\/wp\/v2\/media?parent=588"}],"wp:term":[{"taxonomy":"product_cat","embeddable":true,"href":"https:\/\/hisapeninfrangez.si\/de\/wp-json\/wp\/v2\/product_cat?post=588"},{"taxonomy":"product_tag","embeddable":true,"href":"https:\/\/hisapeninfrangez.si\/de\/wp-json\/wp\/v2\/product_tag?post=588"}],"curies":[{"name":"wp","href":"https:\/\/api.w.org\/{rel}","templated":true}]}}