{"id":582,"date":"2016-11-15T22:55:33","date_gmt":"2016-11-15T21:55:33","guid":{"rendered":"http:\/\/hisapeninfrangez.si\/shop\/traminer-demi-sec-2\/"},"modified":"2026-04-10T18:59:36","modified_gmt":"2026-04-10T16:59:36","slug":"traminer-demi-sec-2","status":"publish","type":"product","link":"https:\/\/hisapeninfrangez.si\/de\/shop\/traminer-demi-sec-2\/","title":{"rendered":"TRAMINER &#8211; DEMI SEC"},"content":{"rendered":"<div class=\"wpb_column vc_column_container vc_col-sm-8\">\n<div class=\"vc_column-inner \">\n<div class=\"wpb_wrapper\">\n<div class=\"wpb_text_column wpb_content_element \">\n<div class=\"wpb_wrapper\">\n<p>Dieser halbtrockene Traminer er\u00f6ffnet eine v\u00f6llig neue Dimension des Hauses der Schaumweine Frange\u017e. Die anhaltende Eleganz der Blasen in gold-gelben Schatten symbolisiert die ideale Harmonie und Reichtum des K\u00f6rpers. Das typische Sortenaroma entfaltet sich zu einem verf\u00fchrerisch erkennbaren Geschmack, der auch die anspruchsvollsten Sektliebhaber begeistern wird. Der leicht w\u00fcrzige Nachgeschmack des Weines erinnert an Nelken und einen warmen Winterabend, \u00fcberrascht zus\u00e4tzlich mit der Note eines dringend ben\u00f6tigten Selbstvertrauens.<\/p>\n<p>Dieser Sekt erf\u00fcllt die Einf\u00fchrung in jede Mahlzeit, vor allem f\u00fcr asiatische Gerichte und sehr w\u00fcrzige Speisen. Es kann auch alleine serviert werden, um eine Mahlzeit zu beenden.<\/p>\n<p><strong>Sorte<\/strong>: Traminer<br \/>\n<strong>Ernte<\/strong>: ausschlie\u00dflich von Hand<br \/>\n<strong>Herstellungsart<\/strong>: Traditionelle Methode-Methode Classique Traditionelle<br \/>\n<strong>Alkohol<\/strong>: 12,5% vol<br \/>\n<strong>Jahrgang<\/strong>: 2008<\/p>\n<p><strong>Anerkennungen<\/strong>:<\/p>\n<ul>\n<li>International Wine &amp; Spirit Competition London, Bronze, 2010<\/li>\n<\/ul>\n<p><strong>Serviertemperatur<\/strong>: 6-8\u00b0C<br \/>\n<strong>Herkunftsregion<\/strong>: Steiermark, Slowenien<\/p>\n<\/div>\n<\/div>\n<\/div>\n<\/div>\n<\/div>\n","protected":false},"excerpt":{"rendered":"<div class=\"wpb_column vc_column_container vc_col-sm-4\">\n<div class=\"vc_column-inner \">\n<div class=\"wpb_wrapper\">\n<div class=\"wpb_text_column wpb_content_element \">\n<div class=\"wpb_wrapper\">\n<p><strong>DUFT<\/strong>: Besonderes Rosenaroma, abgeschlossen mit einem pikanten Unterton, der am Ende des letzten Schlucks gesp\u00fcrt wird.<\/p>\n<p><strong>GESCHMACK<\/strong>: Typische Aromen der Traubensorte mit einem verf\u00fchrerischen Geschmack, das sogar die anspruchsvollsten Schaumweinkenner begeistert.<\/p>\n<p><strong>FARBE<\/strong>: Ausdauernde Eleganz der Bl\u00e4schen in einem goldgelben Farbton symbolisiert die ideale Harmonie und das Reichtum des K\u00f6rpers.<\/p>\n<p><strong>ERG\u00c4NZT HERVORRAGEN<\/strong>: In einer mehr gewagter Version als Begleitung von asiatischen Gerichten oder besonders pikanten Gerichten. Serviert am Ende des Gerichts braucht es keine zus\u00e4tzliche Erg\u00e4nzung.<\/p>\n<\/div>\n<\/div>\n<\/div>\n<\/div>\n<\/div>\n","protected":false},"featured_media":3110,"comment_status":"closed","ping_status":"closed","template":"","meta":[],"product_cat":[27,34],"product_tag":[],"_links":{"self":[{"href":"https:\/\/hisapeninfrangez.si\/de\/wp-json\/wp\/v2\/product\/582"}],"collection":[{"href":"https:\/\/hisapeninfrangez.si\/de\/wp-json\/wp\/v2\/product"}],"about":[{"href":"https:\/\/hisapeninfrangez.si\/de\/wp-json\/wp\/v2\/types\/product"}],"replies":[{"embeddable":true,"href":"https:\/\/hisapeninfrangez.si\/de\/wp-json\/wp\/v2\/comments?post=582"}],"wp:featuredmedia":[{"embeddable":true,"href":"https:\/\/hisapeninfrangez.si\/de\/wp-json\/wp\/v2\/media\/3110"}],"wp:attachment":[{"href":"https:\/\/hisapeninfrangez.si\/de\/wp-json\/wp\/v2\/media?parent=582"}],"wp:term":[{"taxonomy":"product_cat","embeddable":true,"href":"https:\/\/hisapeninfrangez.si\/de\/wp-json\/wp\/v2\/product_cat?post=582"},{"taxonomy":"product_tag","embeddable":true,"href":"https:\/\/hisapeninfrangez.si\/de\/wp-json\/wp\/v2\/product_tag?post=582"}],"curies":[{"name":"wp","href":"https:\/\/api.w.org\/{rel}","templated":true}]}}