{"id":577,"date":"2016-11-15T22:51:00","date_gmt":"2016-11-15T21:51:00","guid":{"rendered":"http:\/\/hisapeninfrangez.si\/shop\/rose-brut-natur-2\/"},"modified":"2026-04-10T18:57:22","modified_gmt":"2026-04-10T16:57:22","slug":"rose-brut-natur-2","status":"publish","type":"product","link":"https:\/\/hisapeninfrangez.si\/de\/shop\/rose-brut-natur-2\/","title":{"rendered":"PINOT NOIR &#8211; BRUT NATUR"},"content":{"rendered":"<div class=\"wpb_column vc_column_container vc_col-sm-8\">\n<div class=\"vc_column-inner \">\n<div class=\"wpb_wrapper\">\n<div class=\"wpb_text_column wpb_content_element \">\n<div class=\"wpb_wrapper\">\n<div class=\"wpb_column vc_column_container vc_col-sm-8\">\n<div class=\"vc_column-inner \">\n<div class=\"wpb_wrapper\">\n<div class=\"wpb_text_column wpb_content_element \">\n<div class=\"wpb_wrapper\">\n<p>Die Verflechtung des ausgesprochen typischen und vollaromatischen Chardonnay verk\u00f6rpert elegant den vollendeten jugendlichen und fruchtigen Duft des Pinot Noir, der zu dem reichhaltigen, vielschichtigen K\u00f6rper des Schaumweins beitr\u00e4gt. Die anhaltenden und lebhaften Blasen \u00fcbernehmen den markanten Lachsschatten des Weins. Die erste enthaltene Sorte dr\u00fcckt die Brotkrustnote und einen reichen K\u00f6rper aus, w\u00e4hrend die zweite die Eigenschaften von Beeren, Sauerkirschen und Kirschen tr\u00e4gt. Alles in allem ist es eine hervorragende Verflechtung von zwei Nuancen verschmolzt in eine reine Perfektion und v\u00f6llige Freude.<\/p>\n<p>Dieser Sekt wird am besten neben w\u00fcrzigem Fingerfood oder Cracker serviert. Wenn Sie sich mutig genug f\u00fchlen, um einen Schritt weiter zu machen, geht es auch gut mit Wildfleisch, Rindfleisch und Lammgerichte.<\/p>\n<p><strong>Sorte<\/strong>: Chardonnay, Pinot Noir<br \/>\n<strong>Ernte<\/strong>: ausschlie\u00dflich von Hand<br \/>\n<strong>Herstellungart<\/strong> : Die traditionelle Methode-Methode Classique Traditionelle<br \/>\n<strong>Alkohol<\/strong>: 11,6% vol<br \/>\n<strong>Jahrgang<\/strong>: 2006<\/p>\n<p><strong>Serviertemperatur<\/strong>: 6-8\u00b0C<br \/>\n<strong>Herkunftsregion<\/strong>: Steiermark, Slowenien<\/p>\n<\/div>\n<\/div>\n<\/div>\n<\/div>\n<\/div>\n<\/div>\n<\/div>\n<\/div>\n<\/div>\n<\/div>\n","protected":false},"excerpt":{"rendered":"<div class=\"wpb_column vc_column_container vc_col-sm-8\">\n<div class=\"vc_column-inner \">\n<div class=\"wpb_wrapper\">\n<div class=\"wpb_text_column wpb_content_element \">\n<div class=\"wpb_wrapper\">\n<div class=\"wpb_column vc_column_container vc_col-sm-4\">\n<div class=\"vc_column-inner \">\n<div class=\"wpb_wrapper\">\n<div class=\"wpb_text_column wpb_content_element \">\n<div class=\"wpb_wrapper\">\n<p><strong>DUFT<\/strong>: Die erste Sorte im Wein dr\u00fcckt Brotrinde und einen reichen K\u00f6rper aus und die zweite Sorte die typische Charakteristik von Beerenstr\u00e4ucher, Sauerkirschen und Kirschen.<\/p>\n<p><strong>GESCHMACK<\/strong>: Eine Kombination der typischen, vollaromatisch reifen Chardonnay-Sorte f\u00e4ngt elegant den Hauch des jungen fruchtigen Blauburgunders, was zu einem reichen und mehrlagigen K\u00f6rper dieses Schaumweins beitr\u00e4gt.<\/p>\n<p><strong>FARBE<\/strong>: Sanfter Farbton von reifenden Himbeeren.<\/p>\n<p><strong>ERG\u00c4NZT HERVORRAGEN<\/strong>: Gehen Sie einen Schritt weiter und bieten Sie Schaumwein bei Wild-, Rindfleisch- oder Lammgerichten an.<\/p>\n<\/div>\n<\/div>\n<\/div>\n<\/div>\n<\/div>\n<\/div>\n<\/div>\n<\/div>\n<\/div>\n<\/div>\n","protected":false},"featured_media":3098,"comment_status":"closed","ping_status":"closed","template":"","meta":[],"product_cat":[26,31],"product_tag":[],"_links":{"self":[{"href":"https:\/\/hisapeninfrangez.si\/de\/wp-json\/wp\/v2\/product\/577"}],"collection":[{"href":"https:\/\/hisapeninfrangez.si\/de\/wp-json\/wp\/v2\/product"}],"about":[{"href":"https:\/\/hisapeninfrangez.si\/de\/wp-json\/wp\/v2\/types\/product"}],"replies":[{"embeddable":true,"href":"https:\/\/hisapeninfrangez.si\/de\/wp-json\/wp\/v2\/comments?post=577"}],"wp:featuredmedia":[{"embeddable":true,"href":"https:\/\/hisapeninfrangez.si\/de\/wp-json\/wp\/v2\/media\/3098"}],"wp:attachment":[{"href":"https:\/\/hisapeninfrangez.si\/de\/wp-json\/wp\/v2\/media?parent=577"}],"wp:term":[{"taxonomy":"product_cat","embeddable":true,"href":"https:\/\/hisapeninfrangez.si\/de\/wp-json\/wp\/v2\/product_cat?post=577"},{"taxonomy":"product_tag","embeddable":true,"href":"https:\/\/hisapeninfrangez.si\/de\/wp-json\/wp\/v2\/product_tag?post=577"}],"curies":[{"name":"wp","href":"https:\/\/api.w.org\/{rel}","templated":true}]}}