{"id":561,"date":"2016-11-15T22:39:06","date_gmt":"2016-11-15T21:39:06","guid":{"rendered":"http:\/\/hisapeninfrangez.si\/shop\/chardonnay-sec-2\/"},"modified":"2026-04-10T19:33:06","modified_gmt":"2026-04-10T17:33:06","slug":"chardonnay-sec-2","status":"publish","type":"product","link":"https:\/\/hisapeninfrangez.si\/de\/shop\/chardonnay-sec-2\/","title":{"rendered":"CHARDONNAY &#8211; SEC"},"content":{"rendered":"<div class=\"wpb_column vc_column_container vc_col-sm-8\">\n<div class=\"vc_column-inner \">\n<div class=\"wpb_wrapper\">\n<div class=\"wpb_text_column wpb_content_element \">\n<div class=\"wpb_wrapper\">\n<div class=\"wpb_column vc_column_container vc_col-sm-8\">\n<div class=\"vc_column-inner \">\n<div class=\"wpb_wrapper\">\n<div class=\"wpb_text_column wpb_content_element \">\n<div class=\"wpb_wrapper\">\n<p>Die hartn\u00e4ckig aufsteigenden eleganten Blasen zeigen, dass die Chardonnay-Rebsorte vollgereift ist. Die sorgf\u00e4ltige Pflege des Weinguts reflektiert die Eleganz und Harmonie, die es in einem Glas verk\u00f6rpert. Der \u00fcberzeugende Zitrusduft wird durch einen Mandel-Aroma-Nachgeschmack abgerundet. Der prestigetr\u00e4chtige Charakter dieses Sekts zeichnet sich durch einen Hauch von gr\u00fcnen Schatten aus und wird sowohl den Liebhabern feines Geschmacks gerecht als auch diejenigen, die mit ihrem Geschmack einen besonderen Anlass feiern m\u00f6chten.<\/p>\n<p>Es wird am besten mit Rindfleisch Carpaccio, Kaviar, oder eine der Ouvert\u00fcren in den Urlaub Men\u00fc serviert.<\/p>\n<p><strong>Sorte<\/strong>: 100% Chardonnay<br \/>\n<strong>Ernte<\/strong>: ausschlie\u00dflich von Hand<br \/>\n<strong>Herstellungsart<\/strong>: Traditionelle Methode \u2013 Methode Classique Traditionnelle<br \/>\n<strong>Alkohol<\/strong>: 12,5% Vol.<br \/>\n<strong>Jahrgang<\/strong>: 2008<\/p>\n<p><strong>Serviertemperatur<\/strong>: 6-8\u00b0C<br \/>\n<strong>Herkunftsregion<\/strong>: Steiermark, Slowenien<\/p>\n<\/div>\n<\/div>\n<\/div>\n<\/div>\n<\/div>\n<\/div>\n<\/div>\n<\/div>\n<\/div>\n<\/div>\n","protected":false},"excerpt":{"rendered":"<div class=\"wpb_column vc_column_container vc_col-sm-4\">\n<div class=\"vc_column-inner \">\n<div class=\"wpb_wrapper\">\n<div class=\"wpb_text_column wpb_content_element \">\n<div class=\"wpb_wrapper\">\n<div class=\"wpb_column vc_column_container vc_col-sm-4\">\n<div class=\"vc_column-inner \">\n<div class=\"wpb_wrapper\">\n<div class=\"wpb_text_column wpb_content_element \">\n<div class=\"wpb_wrapper\">\n<p><strong>DUFT<\/strong>: \u00dcberzeugender Duft nach Zitrusfr\u00fcchten, veredelt mit einer sanften Mandelintonation.<\/p>\n<p><strong>GESCHMACK<\/strong>: Das typische Berauschen der reifen Chardonnay-Trauben, vollendet in perfekter Harmonie mit sanfter Brotrinde.<\/p>\n<p><strong>FARBE<\/strong>: Hauch von Gr\u00fcn, typisch f\u00fcr den Charakter dieses Schaumweins.<\/p>\n<p><strong>ERG\u00c4NZT HERVORRAGEN<\/strong>: Carpaccio vom Rind, Kaviar oder unpr\u00e4tenti\u00f6se Meeresgerichte.<\/p>\n<\/div>\n<\/div>\n<\/div>\n<\/div>\n<\/div>\n<\/div>\n<\/div>\n<\/div>\n<\/div>\n<\/div>\n","protected":false},"featured_media":3094,"comment_status":"closed","ping_status":"closed","template":"","meta":[],"product_cat":[28,25],"product_tag":[],"_links":{"self":[{"href":"https:\/\/hisapeninfrangez.si\/de\/wp-json\/wp\/v2\/product\/561"}],"collection":[{"href":"https:\/\/hisapeninfrangez.si\/de\/wp-json\/wp\/v2\/product"}],"about":[{"href":"https:\/\/hisapeninfrangez.si\/de\/wp-json\/wp\/v2\/types\/product"}],"replies":[{"embeddable":true,"href":"https:\/\/hisapeninfrangez.si\/de\/wp-json\/wp\/v2\/comments?post=561"}],"wp:featuredmedia":[{"embeddable":true,"href":"https:\/\/hisapeninfrangez.si\/de\/wp-json\/wp\/v2\/media\/3094"}],"wp:attachment":[{"href":"https:\/\/hisapeninfrangez.si\/de\/wp-json\/wp\/v2\/media?parent=561"}],"wp:term":[{"taxonomy":"product_cat","embeddable":true,"href":"https:\/\/hisapeninfrangez.si\/de\/wp-json\/wp\/v2\/product_cat?post=561"},{"taxonomy":"product_tag","embeddable":true,"href":"https:\/\/hisapeninfrangez.si\/de\/wp-json\/wp\/v2\/product_tag?post=561"}],"curies":[{"name":"wp","href":"https:\/\/api.w.org\/{rel}","templated":true}]}}