{"id":539,"date":"2016-11-15T22:11:13","date_gmt":"2016-11-15T21:11:13","guid":{"rendered":"http:\/\/hisapeninfrangez.si\/shop\/pfirsich\/"},"modified":"2026-04-10T18:55:43","modified_gmt":"2026-04-10T16:55:43","slug":"pfirsich","status":"publish","type":"product","link":"https:\/\/hisapeninfrangez.si\/de\/shop\/pfirsich\/","title":{"rendered":"PFIRSICH"},"content":{"rendered":"<div class=\"wpb_column vc_column_container vc_col-sm-8\">\n<div class=\"vc_column-inner \">\n<div class=\"wpb_wrapper\">\n<div class=\"wpb_text_column wpb_content_element \">\n<div class=\"wpb_wrapper\">\n<p>Diesmal werden die nat\u00fcrlichen Z\u00fcge des steirischen Weinanbaugebiets in ein k\u00fchnes Erlebnis mit einem aromatischen Weingetr\u00e4nk verschmolzt. Mit seinem charmanten goldgelben Schatten, der Perfektion der Blasen und dem au\u00dfergew\u00f6hnlich fruchtigen Duft ist dieser Wein perfekt f\u00fcr die Damen. Und es ist genau unter den Damen, wo es seine Heimat gefunden hat. Der unverwechselbare Pfirsichstil vervollkommt die Harmonie und die kontinuierliche Weinstruktur, die zu ihrem kompromisslosen, berauschenden Aroma beitr\u00e4gt. Man k\u00f6nnte sich kaum einen Sommerabend ohne ihn vorstellen.<\/p>\n<p>Dieser Wein passt hervorragend zu Desserts, Waldbeeren, Erdbeeren und Melonen. In der Form eines Fruchtsorbets \u00fcberzeugt er selbst die anspruchsvollsten Gourmets.<\/p>\n<p><strong>Sorte<\/strong>:<br \/>\n<strong>Ernte<\/strong>: ausschlie\u00dflich von Hand<br \/>\n<strong>Herstellungsverfahren<\/strong> : Charmat-Methode<br \/>\n<strong>Alkohol<\/strong>: 10% vol<br \/>\n<strong>Jahrgang<\/strong>: 2009<\/p>\n<p><strong>Serviertemperatur<\/strong>: 4-6\u00b0C<br \/>\n<strong>Herkunftsregion<\/strong>: Steiermark, Slowenien<\/p>\n<\/div>\n<\/div>\n<\/div>\n<\/div>\n<\/div>\n","protected":false},"excerpt":{"rendered":"<div class=\"wpb_column vc_column_container vc_col-sm-4\">\n<div class=\"vc_column-inner \">\n<div class=\"wpb_wrapper\">\n<div class=\"wpb_text_column wpb_content_element \">\n<div class=\"wpb_wrapper\">\n<p><strong>DUFT<\/strong>: Eine au\u00dferordentliche Fruchtexplosion vollendet den Damenhauch dieses Schaumweines.<\/p>\n<p><strong>GESCHMACK<\/strong>: Der typische Still des Weinbergpfirsichs harmoniert mit der folgenden Weinstruktur und tr\u00e4gt zu einem kompromisslosen Berauschen.<\/p>\n<p><strong>FARBE<\/strong>: Bezaubernde elegante goldgelbe Farbe.<\/p>\n<p><strong>ERG\u00c4NZT HERVORRAGEN<\/strong>: Herrliche Begleitung von Nachtischen aus Waldfr\u00fcchten und Erdbeeren, und auch bei frischen Erdbeeren oder saftigen Melonen. Die anspruchsvollsten Feinschmecker werden zus\u00e4tzlich mit seiner Rolle in Fruchtsorbets \u00fcberzeugt.<\/p>\n<\/div>\n<\/div>\n<\/div>\n<\/div>\n<\/div>\n","protected":false},"featured_media":4507,"comment_status":"closed","ping_status":"closed","template":"","meta":[],"product_cat":[30],"product_tag":[],"_links":{"self":[{"href":"https:\/\/hisapeninfrangez.si\/de\/wp-json\/wp\/v2\/product\/539"}],"collection":[{"href":"https:\/\/hisapeninfrangez.si\/de\/wp-json\/wp\/v2\/product"}],"about":[{"href":"https:\/\/hisapeninfrangez.si\/de\/wp-json\/wp\/v2\/types\/product"}],"replies":[{"embeddable":true,"href":"https:\/\/hisapeninfrangez.si\/de\/wp-json\/wp\/v2\/comments?post=539"}],"wp:featuredmedia":[{"embeddable":true,"href":"https:\/\/hisapeninfrangez.si\/de\/wp-json\/wp\/v2\/media\/4507"}],"wp:attachment":[{"href":"https:\/\/hisapeninfrangez.si\/de\/wp-json\/wp\/v2\/media?parent=539"}],"wp:term":[{"taxonomy":"product_cat","embeddable":true,"href":"https:\/\/hisapeninfrangez.si\/de\/wp-json\/wp\/v2\/product_cat?post=539"},{"taxonomy":"product_tag","embeddable":true,"href":"https:\/\/hisapeninfrangez.si\/de\/wp-json\/wp\/v2\/product_tag?post=539"}],"curies":[{"name":"wp","href":"https:\/\/api.w.org\/{rel}","templated":true}]}}