{"id":535,"date":"2016-11-15T22:06:41","date_gmt":"2016-11-15T21:06:41","guid":{"rendered":"http:\/\/hisapeninfrangez.si\/shop\/erdbeere\/"},"modified":"2026-04-10T18:55:44","modified_gmt":"2026-04-10T16:55:44","slug":"erdbeere","status":"publish","type":"product","link":"https:\/\/hisapeninfrangez.si\/de\/shop\/erdbeere\/","title":{"rendered":"ERDBEERE"},"content":{"rendered":"<div class=\"wpb_column vc_column_container vc_col-sm-8\">\n<div class=\"vc_column-inner \">\n<div class=\"wpb_wrapper\">\n<div class=\"wpb_text_column wpb_content_element \">\n<div class=\"wpb_wrapper\">\n<p>Ein weiterer Damenwein, der das Sortiment des Hauses der Schaumweine Frange\u017e ausmacht. Dieses aromatisches Wein-basiertes Getr\u00e4nk ist durch ein infames Frucht, w\u00fcrdig jedes s\u00fcndigen Gedankes, gekennzeichnet \u2013 Erdbeere. Sein Charakter \u00fcberrascht schon mit der Farbe, die an den eleganten Ros\u00e9 erinnert. Sobald dieser Sekt Ihr Auge fasziniert, wird es nicht mehr lange dauern, bis Sie den unendlichen fruchtigen Duft von Erdbeeren und der leichte Spure der Brombeere erliegen. Die Trauben, auf denen dieser Wein basiert, stammen aus verschiedenen Weinbaugebieten und geh\u00f6ren zu verschiedenen Sorten, die zusammen einen reichen und vollen K\u00f6rper bilden.<\/p>\n<p>Es ist ausgezeichnet f\u00fcr ein Obstsorbet an einen langen Sommernacht oder als \u00dcberraschung vor einer Mahlzeit \u2013 eine wahre Erdbeere in Form eines Sektes.<\/p>\n<p><strong>Sorte<\/strong>:<br \/>\n<strong>Ernte<\/strong>: ausschlie\u00dflich von Hand<br \/>\n<strong>Herstellungsart<\/strong> : Charmat-Methode<br \/>\n<strong>Alkohol<\/strong>: 11% vol<br \/>\n<strong>Jahrgang<\/strong>: 2014<\/p>\n<p><strong>Serviertemperatur<\/strong>: 4-6\u00b0C<br \/>\n<strong>Herkunftsregion<\/strong>: Steiermark, Slowenien<\/p>\n<\/div>\n<\/div>\n<\/div>\n<\/div>\n<\/div>\n","protected":false},"excerpt":{"rendered":"<div class=\"wpb_column vc_column_container vc_col-sm-4\">\n<div class=\"vc_column-inner \">\n<div class=\"wpb_wrapper\">\n<div class=\"wpb_text_column wpb_content_element \">\n<div class=\"wpb_wrapper\">\n<p><strong>DUFT<\/strong>: Der freche und aromatische Charakter \u00fcberzeugt alle Liebhaber dieser saftigen Frucht schon mit seinem Duft.<\/p>\n<p><strong>GESCHMACK<\/strong>: Die Intensit\u00e4t des Geschmacks zeigt die Vielfalt der Sauerkirsche und erinnert an die echten Marmeladen unserer Gro\u00dfeltern.<\/p>\n<p><strong>FARBE<\/strong>: Die typische Ros\u00e9-Farbe mit einer Beerenintonation begeistert mit der Dauerreise der Bl\u00e4schen an der Wand des Glases.<\/p>\n<p><strong>ERG\u00c4NZT HERVORRAGEN<\/strong>: Fruchtsorbets als eine herrliche Begleitung der sommerlichen kulinarischen Verw\u00f6hnung; die s\u00fc\u00dfe Sauerkirsche ist auch unentbehrlich bei der Verf\u00fchrung von allen Liebhabern des Besonderen.<\/p>\n<\/div>\n<\/div>\n<\/div>\n<\/div>\n<\/div>\n","protected":false},"featured_media":4531,"comment_status":"closed","ping_status":"closed","template":"","meta":[],"product_cat":[30],"product_tag":[],"_links":{"self":[{"href":"https:\/\/hisapeninfrangez.si\/de\/wp-json\/wp\/v2\/product\/535"}],"collection":[{"href":"https:\/\/hisapeninfrangez.si\/de\/wp-json\/wp\/v2\/product"}],"about":[{"href":"https:\/\/hisapeninfrangez.si\/de\/wp-json\/wp\/v2\/types\/product"}],"replies":[{"embeddable":true,"href":"https:\/\/hisapeninfrangez.si\/de\/wp-json\/wp\/v2\/comments?post=535"}],"wp:featuredmedia":[{"embeddable":true,"href":"https:\/\/hisapeninfrangez.si\/de\/wp-json\/wp\/v2\/media\/4531"}],"wp:attachment":[{"href":"https:\/\/hisapeninfrangez.si\/de\/wp-json\/wp\/v2\/media?parent=535"}],"wp:term":[{"taxonomy":"product_cat","embeddable":true,"href":"https:\/\/hisapeninfrangez.si\/de\/wp-json\/wp\/v2\/product_cat?post=535"},{"taxonomy":"product_tag","embeddable":true,"href":"https:\/\/hisapeninfrangez.si\/de\/wp-json\/wp\/v2\/product_tag?post=535"}],"curies":[{"name":"wp","href":"https:\/\/api.w.org\/{rel}","templated":true}]}}