{"id":781,"date":"2016-11-16T22:51:42","date_gmt":"2016-11-16T22:51:42","guid":{"rendered":"http:\/\/hisapeninfrangez.si\/de\/?page_id=781"},"modified":"2022-10-17T09:00:18","modified_gmt":"2022-10-17T07:00:18","slug":"startseite","status":"publish","type":"page","link":"https:\/\/hisapeninfrangez.si\/de\/","title":{"rendered":"Startseite"},"content":{"rendered":"<p>[vc_row full_width=&#8220;stretch_row_content_no_spaces&#8220; full_height=&#8220;yes&#8220; columns_placement=&#8220;stretch&#8220; content_placement=&#8220;middle&#8220; css=&#8220;.vc_custom_1466087475749{background-color: #ffffff !important;}&#8220;][vc_column]<a id=\"sc_anchor_favourite_place\" class=\"sc_anchor\" \n\t\ttitle=\"Favourite Place\" \n\t\tdata-icon=\"\" \n\t\tdata-url=\"\"\n><\/a><div  \n\tclass=\"sc_promo sc_promo_default sc_promo_size_large\"\n\t\t><div class=\"sc_promo_image\" style=\"background-image:url(https:\/\/hisapeninfrangez.si\/wp-content\/uploads\/2016\/11\/Jernej_Frange\u017e_portret.jpg);width:50%;left: 0;\"><\/div><div class=\"sc_promo_text trx_addons_stretch_height\" style=\"width: 50%;float: right;\">\n\t\t\t<div class=\"sc_promo_text_inner sc_align_center\" style=\"\"><div class=\"sc_promo_icon\" data-icon=\"icon-grape-3\"><span class=\"icon-grape-3\"><\/span><\/div><h2 class=\"sc_item_title sc_promo_title\">\u00dcBER UNS<\/h2><h5 class=\"sc_item_subtitle sc_promo_subtitle\">Wenn Einzigartigkeit auch die Anspruchsvollsten \u00fcberzeugt<\/h5><div class=\"sc_item_descr sc_promo_descr\">Haus der Schaumweine Frange\u017e kann sich mit einer 160-j\u00e4hrigen Tradition in der Herstellung und Veredelung der berauschendsten Bl\u00e4schen des Landes r\u00fchmen.<\/p>\n<p>Aus Liebe zum Wein und zur Natur,<\/p>\n<p>Jernej Frange\u017e<\/div><div class=\"sc_item_button sc_promo_button sc_button_wrap\"><a href=\"https:\/\/hisapeninfrangez.si\/de\/haus-die-sekten-frangez\/\"\n\t \n\tclass=\"sc_button sc_button_simple sc_button_size_normal sc_button_icon_top\"\n\t\t><span class=\"sc_button_icon\"><span class=\"icon-down-big\"><\/span><\/span><span class=\"sc_button_text\"><span class=\"sc_button_title\">Haus die Sekten Frange\u017e<\/span><\/span><!-- \/.sc_button_text --><\/a><!-- \/.sc_button --><\/div><!-- \/.sc_item_button sc_promo_button --><\/div>\n\t\t<\/div><!-- \/.sc_promo_text --><\/div><!-- \/.sc_promo -->[\/vc_column][\/vc_row][vc_row full_width=&#8220;stretch_row_content_no_spaces&#8220; full_height=&#8220;yes&#8220; columns_placement=&#8220;stretch&#8220; content_placement=&#8220;middle&#8220;][vc_column css=&#8220;.vc_custom_1465806595697{background-position: center !important;background-repeat: no-repeat !important;background-size: cover !important;}&#8220;]<a id=\"sc_anchor_wine_essentials\" class=\"sc_anchor\" \n\t\ttitle=\"Wine Essentials\" \n\t\tdata-icon=\"\" \n\t\tdata-url=\"\"\n><\/a><div  \n\tclass=\"sc_promo sc_promo_default sc_promo_size_large\"\n\t\t><div class=\"sc_promo_image\" style=\"background-image:url(https:\/\/hisapeninfrangez.si\/wp-content\/uploads\/2016\/11\/Hi\u0161a_penin_Frange\u017e_klet-1.jpg);width:50%;right: 0;\"><\/div><div class=\"sc_promo_text trx_addons_stretch_height\" style=\"width: 50%;float: left;\">\n\t\t\t<div class=\"sc_promo_text_inner sc_align_center\" style=\"\"><div class=\"sc_promo_icon\" data-icon=\"icon-grape-leafs\"><span class=\"icon-grape-leafs\"><\/span><\/div><h2 class=\"sc_item_title sc_promo_title\">Bezauberndes Geschmacksmosaik<\/h2><div class=\"sc_item_descr sc_promo_descr\">In dem Untergrund, wo das mehrst\u00f6ckige Geb\u00e4ude beginnt, in dem die \u00fcberzeugendsten Geschm\u00e4cke entwickelt werden, werden speziell f\u00fcr Sie die einzigartigsten Geschm\u00e4cke der \u0160tajerska-Region kreiert. Wir nutzen die nat\u00fcrlichen Gegebenheiten unserer sorgf\u00e4ltig gepflegten Weinberge aus, um das Potenzial des Geschmackes zu Ihrem Glass zu bringen.<\/p>\n<p>Die Architektur des Hauses der Schaumweine Frange\u017e erm\u00f6glicht uns, dass wir mit der modernsten Technologie \u00fcber 200.000 Flaschen von Schaumwein herstellen, eines der begehrtesten Prestigegetr\u00e4nke dieser Welt. Wir benutzen die traditionelle, klassische und die Charmat-Methode, und wir streben immer nach solchen Geschm\u00e4cken, zu denen Sie beharrlich und ohne Kompromisse greifen w\u00fcrden.<\/p>\n<p>Alle, die auf stille Weine schw\u00f6ren, \u00fcberraschen wir auch auf diesem Bereich, und zwar mit stillen Weinen, die in 250-Jahre alten Eichenf\u00e4ssern gereift und veredelt werden.<\/p>\n<p>Der k\u00f6nigliche Geschmack der Schaumweine von Frange\u017e \u00fcberzeugt sogar die anspruchsvollsten Liebhaberinnen und Liebhaber von Schaumwein.<\/div><\/div>\n\t\t<\/div><!-- \/.sc_promo_text --><\/div><!-- \/.sc_promo -->[\/vc_column][\/vc_row][vc_row full_width=&#8220;stretch_row_content_no_spaces&#8220; full_height=&#8220;yes&#8220; content_placement=&#8220;middle&#8220; disable_element=&#8220;yes&#8220;][vc_column width=&#8220;1\/2&#8243;]<div id=\"sc_content_1674859430\"\n\t\tclass=\"sc_content sc_content_default\n\t\t\t\t\t\t\t\t\t home_products\t\t\t\t\t\t\t\t\t\"\n\t\t><div class=\"sc_content_container\"><div class=\"woocommerce columns-2 \"><\/div><\/div><\/div><!-- \/.sc_content -->[\/vc_column][vc_column width=&#8220;1\/2&#8243;]<a id=\"sc_anchor_our_wines\" class=\"sc_anchor\" \n\t\ttitle=\"Our Wines\" \n\t\tdata-icon=\"\" \n\t\tdata-url=\"\"\n><\/a><div  \n\tclass=\"sc_promo sc_promo_default sc_promo_size_large sc_promo_no_image\"\n\t\t><div class=\"sc_promo_text\" style=\"width: 100%;\">\n\t\t\t<div class=\"sc_promo_text_inner sc_align_center\" style=\"\"><div class=\"sc_promo_icon\" data-icon=\"icon-bottles\"><span class=\"icon-bottles\"><\/span><\/div><h2 class=\"sc_item_title sc_promo_title\">Our Wines<\/h2><h5 class=\"sc_item_subtitle sc_promo_subtitle\">We make wine with a thought of our customers, therefore the team...<\/h5><div class=\"sc_item_descr sc_promo_descr\">Pressing is the act of applying pressure to grapes or pomace in order to separate juice or wine from grapes and grape skins. Pressing is not always a necessary act in winemaking; if grapes are crushed there is a considerable amount of juice immediately liberated (called free-run juice) that can be used for vinification. Typically this free-run juice is of a higher quality than the press juice.<\/div><div class=\"sc_item_button sc_promo_button sc_button_wrap\"><a href=\"https:\/\/hisapeninfrangez.si\/wine-list\/\"\n\t \n\tclass=\"sc_button sc_button_simple sc_button_size_normal sc_button_icon_top\"\n\t\t><span class=\"sc_button_icon\"><span class=\"icon-down-big\"><\/span><\/span><span class=\"sc_button_text\"><span class=\"sc_button_title\">Wine List<\/span><\/span><!-- \/.sc_button_text --><\/a><!-- \/.sc_button --><\/div><!-- \/.sc_item_button sc_promo_button --><\/div>\n\t\t<\/div><!-- \/.sc_promo_text --><\/div><!-- \/.sc_promo -->[\/vc_column][\/vc_row][vc_row full_width=&#8220;stretch_row_content_no_spaces&#8220; full_height=&#8220;yes&#8220; columns_placement=&#8220;stretch&#8220; content_placement=&#8220;middle&#8220; disable_element=&#8220;yes&#8220;][vc_column width=&#8220;1\/2&#8243;]<div id=\"sc_content_908310559\"\n\t\tclass=\"sc_content sc_content_default\n\t\t\t\t\t\t\t\t\t\t\t\t\t\t\t sc_padding_large\t\t\t\"\n\t\t><div class=\"sc_content_container\">[trx_sc_events cat=&#8220;0&#8243; count=&#8220;4&#8243; columns=&#8220;1&#8243; past=&#8220;&#8220; slider=&#8220;&#8220; slides_space=&#8220;0&#8243; title=&#8220;Events&#8220; subtitle=&#8220;&#8220; description=&#8220;&#8220; link=&#8220;https:\/\/hisapeninfrangez.si\/events\/&#8220; link_text=&#8220;All Events&#8220; link_image=&#8220;&#8220; scheme=&#8220;inherit&#8220; id=&#8220;&#8220; class=&#8220;&#8220; css=&#8220;&#8220; type=&#8220;detailed&#8220;]<\/div><\/div><!-- \/.sc_content -->[\/vc_column][vc_column width=&#8220;1\/2&#8243;]<a id=\"sc_anchor_events\" class=\"sc_anchor\" \n\t\ttitle=\"Events\" \n\t\tdata-icon=\"\" \n\t\tdata-url=\"\"\n><\/a><div  \n\tclass=\"sc_action sc_action_event\" data-slides-min-width=\"250\"\t><div class=\"sc_action_content sc_item_content\"><div class=\"sc_action_item sc_action_item_event with_image trx_addons_stretch_height\"\n\t\t\t style=\"background-image:url(http:\/\/460);\">\n\t\t\t\t\t\t\t<div class=\"sc_action_item_mask\"><\/div>\n\t\t\t\t<div class=\"sc_action_item_inner\">\n\t\t\t\t<div class=\"sc_action_item_image\"><img decoding=\"async\" src=\"http:\/\/245\" alt=\"\"><\/div><h6 class=\"sc_action_item_subtitle\"><span>Spring Hill<\/span><\/h6><h2 class=\"sc_action_item_title\"><span>Wine Festival<\/span><\/h2><div class=\"sc_action_item_date\">Saturday, May 7, 2016<\/div><div class=\"sc_action_item_description\"><span>Historic Oaklawn Plantation<\/span><span><\/span><span><b>6-9 PM<\/b><\/span><\/div><div class=\"sc_action_item_info\"><span>33335 Denning Lane, Spring Hill * Tel. 800 1235 65 98 * facebook: Spring Hill<\/span><\/div><\/div><!-- \/.sc_action_inner --><a href=\"http:\/\/laonwine.themerex.net\/event\/wine-festival-spring-hill\/\" class=\"sc_action_item_link sc_action_item_link_over\"><\/a><\/div><\/div><\/div><!-- \/.sc_action -->[\/vc_column][\/vc_row][vc_row full_height=&#8220;yes&#8220; content_placement=&#8220;middle&#8220;][vc_column]<a id=\"sc_anchor_awards\" class=\"sc_anchor\" \n\t\ttitle=\"Our awards\" \n\t\tdata-icon=\"\" \n\t\tdata-url=\"\"\n><\/a>[vc_empty_space height=&#8220;&#8220; hide_on_mobile=&#8220;&#8220;]<div  \n\tclass=\"sc_icons sc_icons_default sc_icons_size_medium sc_align_center\"\n\t\t><div class=\"sc_icons_columns sc_item_columns trx_addons_columns_wrap columns_padding_bottom\"><div class=\"trx_addons_column-1_3\"><div class=\"sc_icons_item sc_icons_item_linked\"><div class=\"sc_icons_image\"><img loading=\"lazy\" decoding=\"async\" src=\"https:\/\/hisapeninfrangez.si\/wp-content\/uploads\/2016\/11\/slika1.png\" alt=\"\" width=\"276\" height=\"276\"><\/div><h4 class=\"sc_icons_title\"><span>Auszeichnungen<\/span><\/h4><a href=\"http:\/\/hisapeninfrangez.si\/de\/auszeichnungen-und-preise\/\" class=\"sc_icons_link\"><\/a><\/div><\/div><div class=\"trx_addons_column-1_3\"><div class=\"sc_icons_item sc_icons_item_linked\"><div class=\"sc_icons_image\"><img loading=\"lazy\" decoding=\"async\" src=\"https:\/\/hisapeninfrangez.si\/wp-content\/uploads\/2016\/11\/slika3.png\" alt=\"\" width=\"276\" height=\"276\"><\/div><h4 class=\"sc_icons_title\"><span>Shop<\/span><\/h4><a href=\"http:\/\/hisapeninfrangez.si\/de\/shop\/\" class=\"sc_icons_link\"><\/a><\/div><\/div><div class=\"trx_addons_column-1_3\"><div class=\"sc_icons_item sc_icons_item_linked\"><div class=\"sc_icons_image\"><img loading=\"lazy\" decoding=\"async\" src=\"https:\/\/hisapeninfrangez.si\/wp-content\/uploads\/2016\/11\/slika2.png\" alt=\"\" width=\"276\" height=\"276\"><\/div><h4 class=\"sc_icons_title\"><span>Region<\/span><\/h4><a href=\"http:\/\/hisapeninfrangez.si\/de\/region\/\" class=\"sc_icons_link\"><\/a><\/div><\/div><\/div><\/div><!-- \/.sc_icons -->[vc_empty_space height=&#8220;&#8220; hide_on_mobile=&#8220;&#8220;][\/vc_column][\/vc_row][vc_row full_width=&#8220;stretch_row_content_no_spaces&#8220; full_height=&#8220;yes&#8220; columns_placement=&#8220;stretch&#8220; content_placement=&#8220;middle&#8220; css=&#8220;.vc_custom_1480036797279{background-image: url(https:\/\/hisapeninfrangez.si\/wp-content\/uploads\/2016\/11\/Hi\u0161a_penin_Frange\u017e_contact.jpg?id=402) !important;background-position: center !important;background-repeat: no-repeat !important;background-size: cover !important;}&#8220;][vc_column width=&#8220;1\/3&#8243;][\/vc_column][vc_column width=&#8220;1\/3&#8243; css=&#8220;.vc_custom_1466756857898{padding-top: 0px !important;padding-right: 8% !important;padding-left: 8% !important;background-color: #ffffff !important;}&#8220;]<a id=\"sc_anchor_address\" class=\"sc_anchor\" \n\t\ttitle=\"Our Address\" \n\t\tdata-icon=\"\" \n\t\tdata-url=\"\"\n><\/a>[vc_empty_space height=&#8220;&#8220; alter_height=&#8220;medium&#8220; hide_on_mobile=&#8220;&#8220;]<div  \n\tclass=\"sc_promo sc_promo_default kontakt-box sc_promo_size_normal sc_promo_no_paddings sc_promo_no_image\"\n\t\t><div class=\"sc_promo_text sc_float_center trx_addons_stretch_height\" style=\"width: 100%;\">\n\t\t\t<div class=\"sc_promo_text_inner sc_align_center\" style=\"\"><div class=\"sc_promo_icon\" data-icon=\"icon-winery\"><span class=\"icon-winery\"><\/span><\/div><h2 class=\"sc_item_title sc_promo_title\">Kontaktieren Sie uns<\/h2><h5 class=\"sc_item_subtitle sc_promo_subtitle\">Besuchen Sie uns und unser k\u00f6niglicher Geschmack wird Sie \u00fcberzeugen!<\/h5><div class=\"sc_promo_content sc_item_content\">[vc_column_text]Adresse:<br \/>\nHi\u0161a penin Frange\u017e, Hercegov\u0161\u010dak 41a,<br \/>\n9250 Gornja Radgona, Slovenien<\/p>\n<p>Jernej Frange\u017e<\/p>\n<p>Telefon:<br \/>\n00386 (0)41 716 527[\/vc_column_text]<\/div><div class=\"sc_item_button sc_promo_button sc_button_wrap\"><a href=\"https:\/\/hisapeninfrangez.si\/de\/kontaktieren-sie-uns\/\"\n\t \n\tclass=\"sc_button sc_button_simple sc_button_size_normal sc_button_icon_top\"\n\t\t><span class=\"sc_button_icon\"><span class=\"icon-down-big\"><\/span><\/span><span class=\"sc_button_text\"><span class=\"sc_button_title\">Kontaktieren<\/span><\/span><!-- \/.sc_button_text --><\/a><!-- \/.sc_button --><\/div><!-- \/.sc_item_button sc_promo_button --><\/div>\n\t\t<\/div><!-- \/.sc_promo_text --><\/div><!-- \/.sc_promo -->[vc_empty_space height=&#8220;&#8220; alter_height=&#8220;medium&#8220; hide_on_mobile=&#8220;&#8220;][\/vc_column][vc_column width=&#8220;1\/3&#8243;][\/vc_column][\/vc_row][vc_row][vc_column css=&#8220;.vc_custom_1466156080949{padding-top: 0px !important;padding-right: 0px !important;padding-bottom: 0px !important;padding-left: 0px !important;}&#8220;]<a id=\"sc_anchor_footer_menu\" class=\"sc_anchor\" \n\t\ttitle=\"Footer menu\" \n\t\tdata-icon=\"\" \n\t\tdata-url=\"\"\n><\/a>[\/vc_column][\/vc_row]<\/p>\n","protected":false},"excerpt":{"rendered":"<p>[vc_row full_width=&#8220;stretch_row_content_no_spaces&#8220; full_height=&#8220;yes&#8220; columns_placement=&#8220;stretch&#8220; content_placement=&#8220;middle&#8220; css=&#8220;.vc_custom_1466087475749{background-color: #ffffff !important;}&#8220;][vc_column][\/vc_column][\/vc_row][vc_row full_width=&#8220;stretch_row_content_no_spaces&#8220; full_height=&#8220;yes&#8220; columns_placement=&#8220;stretch&#8220; content_placement=&#8220;middle&#8220;][vc_column css=&#8220;.vc_custom_1465806595697{background-position: center !important;background-repeat: no-repeat !important;background-size: cover !important;}&#8220;][\/vc_column][\/vc_row][vc_row full_width=&#8220;stretch_row_content_no_spaces&#8220; full_height=&#8220;yes&#8220; content_placement=&#8220;middle&#8220; disable_element=&#8220;yes&#8220;][vc_column width=&#8220;1\/2&#8243;][\/vc_column][vc_column width=&#8220;1\/2&#8243;][\/vc_column][\/vc_row][vc_row full_width=&#8220;stretch_row_content_no_spaces&#8220; full_height=&#8220;yes&#8220; columns_placement=&#8220;stretch&#8220; content_placement=&#8220;middle&#8220; disable_element=&#8220;yes&#8220;][vc_column width=&#8220;1\/2&#8243;][\/vc_column][vc_column width=&#8220;1\/2&#8243;][\/vc_column][\/vc_row][vc_row full_height=&#8220;yes&#8220; content_placement=&#8220;middle&#8220;][vc_column][vc_empty_space height=&#8220;&#8220; hide_on_mobile=&#8220;&#8220;][vc_empty_space height=&#8220;&#8220; hide_on_mobile=&#8220;&#8220;][\/vc_column][\/vc_row][vc_row full_width=&#8220;stretch_row_content_no_spaces&#8220; full_height=&#8220;yes&#8220; columns_placement=&#8220;stretch&#8220; content_placement=&#8220;middle&#8220; css=&#8220;.vc_custom_1480036797279{background-image: url(https:\/\/hisapeninfrangez.si\/wp-content\/uploads\/2016\/11\/Hi\u0161a_penin_Frange\u017e_contact.jpg?id=402) !important;background-position: center !important;background-repeat: no-repeat !important;background-size: cover !important;}&#8220;][vc_column width=&#8220;1\/3&#8243;][\/vc_column][vc_column width=&#8220;1\/3&#8243; css=&#8220;.vc_custom_1466756857898{padding-top: 0px !important;padding-right: 8% !important;padding-left: 8% !important;background-color:&hellip;<\/p>\n","protected":false},"author":3,"featured_media":406,"parent":0,"menu_order":0,"comment_status":"closed","ping_status":"closed","template":"","meta":{"footnotes":""},"_links":{"self":[{"href":"https:\/\/hisapeninfrangez.si\/de\/wp-json\/wp\/v2\/pages\/781"}],"collection":[{"href":"https:\/\/hisapeninfrangez.si\/de\/wp-json\/wp\/v2\/pages"}],"about":[{"href":"https:\/\/hisapeninfrangez.si\/de\/wp-json\/wp\/v2\/types\/page"}],"author":[{"embeddable":true,"href":"https:\/\/hisapeninfrangez.si\/de\/wp-json\/wp\/v2\/users\/3"}],"replies":[{"embeddable":true,"href":"https:\/\/hisapeninfrangez.si\/de\/wp-json\/wp\/v2\/comments?post=781"}],"version-history":[{"count":0,"href":"https:\/\/hisapeninfrangez.si\/de\/wp-json\/wp\/v2\/pages\/781\/revisions"}],"wp:featuredmedia":[{"embeddable":true,"href":"https:\/\/hisapeninfrangez.si\/de\/wp-json\/wp\/v2\/media\/406"}],"wp:attachment":[{"href":"https:\/\/hisapeninfrangez.si\/de\/wp-json\/wp\/v2\/media?parent=781"}],"curies":[{"name":"wp","href":"https:\/\/api.w.org\/{rel}","templated":true}]}}