{"id":2918,"date":"2018-02-02T01:37:52","date_gmt":"2018-02-02T00:37:52","guid":{"rendered":"https:\/\/hisapeninfrangez.si\/?page_id=2918"},"modified":"2022-10-06T19:11:31","modified_gmt":"2022-10-06T17:11:31","slug":"schaumwein-verkostungen","status":"publish","type":"page","link":"https:\/\/hisapeninfrangez.si\/de\/schaumwein-verkostungen\/","title":{"rendered":"Schaumwein Verkostungen"},"content":{"rendered":"<p>[vc_row][vc_column width=&#8220;1\/6&#8243;][\/vc_column][vc_column width=&#8220;2\/3&#8243;][vc_column_text]<\/p>\n<p style=\"text-align: center; font-size: 30px; line-height: 34px; color: #2a2a2a;\"><em>G\u00f6nnen Sie sich neue Erlebnisse,lassen Sie sich mit unseren Sekten verw\u00f6hnen.<br \/>\nWer die steirische Weinstra\u00dfe liebt, der<br \/>\nfindet ein St\u00fcckchen weiter s\u00fcdlich, mit dem<br \/>\nHAUS DER SCHAUMWEINE FRANGE\u017d,<br \/>\nin Gornja Radgona, ein wahres Paradies!<br \/>\n<\/em><\/p>\n<p>[\/vc_column_text][vc_empty_space height=&#8220;&#8220; alter_height=&#8220;medium&#8220; hide_on_mobile=&#8220;&#8220;][\/vc_column][vc_column width=&#8220;1\/6&#8243;][\/vc_column][\/vc_row][vc_row][vc_column width=&#8220;1\/2&#8243;]<div  \n\tclass=\"sc_action sc_action_default\" data-slides-min-width=\"250\"\t><div class=\"sc_action_content sc_item_content\"><div class=\"sc_action_item sc_action_item_default with_image\"\n\t\t\t style=\"background-image:url(https:\/\/hisapeninfrangez.si\/wp-content\/uploads\/2017\/04\/1-1.jpg);\">\n\t\t\t\t\t\t\t<div class=\"sc_action_item_mask\"><\/div>\n\t\t\t\t<div class=\"sc_action_item_inner\">\n\t\t\t\t<h6 class=\"sc_action_item_subtitle\"><span>Paket<\/span><\/h6><h2 class=\"sc_action_item_title\"><span>F\u00dcR NEUGIERIGE<\/span><\/h2><div class=\"sc_action_item_description\"><span>11 \u20ac\/Pers.<\/span><span>&nbsp;<\/span><span>Besichtigung des Schaumweinkellers,<\/span><span>Verkostungen mit 3 Sorten Schaumwein,<\/span><span>Brot, K\u00e4se<\/span><span>&nbsp;<\/span><\/div><a href=\"http:\/\/hisapeninfrangez.si\/de\/shop\/fur-neugierige\/\" class=\"sc_action_item_link\">MEHR INFO<\/a><\/div><!-- \/.sc_action_item_inner --><\/div><\/div><\/div><!-- \/.sc_action -->[\/vc_column][vc_column width=&#8220;1\/2&#8243;]<div  \n\tclass=\"sc_action sc_action_default\" data-slides-min-width=\"250\"\t><div class=\"sc_action_content sc_item_content\"><div class=\"sc_action_item sc_action_item_default with_image\"\n\t\t\t style=\"background-image:url(https:\/\/hisapeninfrangez.si\/wp-content\/uploads\/2017\/04\/2-1.jpg);\">\n\t\t\t\t\t\t\t<div class=\"sc_action_item_mask\"><\/div>\n\t\t\t\t<div class=\"sc_action_item_inner\">\n\t\t\t\t<h6 class=\"sc_action_item_subtitle\"><span>Paket<\/span><\/h6><h2 class=\"sc_action_item_title\"><span>LIEBHABER<\/span><\/h2><div class=\"sc_action_item_description\"><span>15 \u20ac\/Pers.<\/span><span>&nbsp;<\/span><span>Besichtigung des Schaumweinkellers und 207 Jahre alten Presse,<\/span><span>Verkostungen mit 5 Sorten Schaumwein,<\/span><span>Brot, K\u00e4se<\/span><span>&nbsp;<\/span><\/div><a href=\"http:\/\/hisapeninfrangez.si\/de\/shop\/liebhaber\" class=\"sc_action_item_link\">MEHR INFO<\/a><\/div><!-- \/.sc_action_item_inner --><\/div><\/div><\/div><!-- \/.sc_action -->[\/vc_column][\/vc_row][vc_row][vc_column][vc_empty_space height=&#8220;&#8220; alter_height=&#8220;large&#8220; hide_on_mobile=&#8220;&#8220;][\/vc_column][\/vc_row][vc_row][vc_column width=&#8220;1\/2&#8243;]<div  \n\tclass=\"sc_action sc_action_default\" data-slides-min-width=\"250\"\t><div class=\"sc_action_content sc_item_content\"><div class=\"sc_action_item sc_action_item_default with_image\"\n\t\t\t style=\"background-image:url(https:\/\/hisapeninfrangez.si\/wp-content\/uploads\/2017\/04\/3-1.jpg);\">\n\t\t\t\t\t\t\t<div class=\"sc_action_item_mask\"><\/div>\n\t\t\t\t<div class=\"sc_action_item_inner\">\n\t\t\t\t<h6 class=\"sc_action_item_subtitle\"><span>Paket<\/span><\/h6><h2 class=\"sc_action_item_title\"><span>KENNER<\/span><\/h2><div class=\"sc_action_item_description\"><span>26 \u20ac\/Pers.<\/span><span>&nbsp;<\/span><span>Besichtigung des Schaumweinkellers und 207 Jahre alten Presse,<\/span><span>Verkostungen mit 7 Sorten Schaumwein,<\/span><span>Brot, K\u00e4se, Hausaufschnitt<\/span><span>&nbsp;<\/span><\/div><a href=\"http:\/\/hisapeninfrangez.si\/de\/shop\/kenner\" class=\"sc_action_item_link\">MEHR INFO<\/a><\/div><!-- \/.sc_action_item_inner --><\/div><\/div><\/div><!-- \/.sc_action -->[\/vc_column][vc_column width=&#8220;1\/2&#8243;]<div  \n\tclass=\"sc_action sc_action_default\" data-slides-min-width=\"250\"\t><div class=\"sc_action_content sc_item_content\"><div class=\"sc_action_item sc_action_item_default with_image\"\n\t\t\t style=\"background-image:url(https:\/\/hisapeninfrangez.si\/wp-content\/uploads\/2017\/04\/4.jpg);\">\n\t\t\t\t\t\t\t<div class=\"sc_action_item_mask\"><\/div>\n\t\t\t\t<div class=\"sc_action_item_inner\">\n\t\t\t\t<h6 class=\"sc_action_item_subtitle\"><span>Paket<\/span><\/h6><h2 class=\"sc_action_item_title\"><span>SOMMELIERS<\/span><\/h2><div class=\"sc_action_item_description\"><span>34 \u20ac\/Pers.<\/span><span>&nbsp;<\/span><span>Besichtigung des Schaumweinkellers und 207 Jahre alten Presse,<\/span><span>Verkostungen mit 10 Sorten Schaumwein,<\/span><span>Brot, K\u00e4se, Hausaufschnitt, Schichtkuchen<\/span><\/div><a href=\"https:\/\/hisapeninfrangez.si\/de\/shop\/paket-sommeliers\" class=\"sc_action_item_link\">MEHR INFO<\/a><\/div><!-- \/.sc_action_item_inner --><\/div><\/div><\/div><!-- \/.sc_action -->[\/vc_column][\/vc_row][vc_row][vc_column][vc_empty_space height=&#8220;&#8220; alter_height=&#8220;medium&#8220; hide_on_mobile=&#8220;&#8220;][vc_column_text]<\/p>\n<p style=\"text-align: center; font-size: 18px;\">Alle Preise mit Mehrwertsteuer.<\/p>\n<p>[\/vc_column_text][vc_empty_space height=&#8220;&#8220; alter_height=&#8220;medium&#8220; hide_on_mobile=&#8220;&#8220;][\/vc_column][\/vc_row][vc_row][vc_column width=&#8220;1\/6&#8243;][\/vc_column][vc_column width=&#8220;2\/3&#8243;][vc_column_text]<\/p>\n<h3 style=\"text-align: center;\">Kontaktieren Sie Uns<\/h3>\n<p>[\/vc_column_text][vc_empty_space height=&#8220;&#8220; alter_height=&#8220;small&#8220; hide_on_mobile=&#8220;&#8220;]\n<div class=\"wpcf7 no-js\" id=\"wpcf7-f3296-o1\" lang=\"en-US\" dir=\"ltr\">\n<div class=\"screen-reader-response\"><p role=\"status\" aria-live=\"polite\" aria-atomic=\"true\"><\/p> <ul><\/ul><\/div>\n<form action=\"\/de\/wp-json\/wp\/v2\/pages\/2918#wpcf7-f3296-o1\" method=\"post\" class=\"wpcf7-form init\" aria-label=\"Contact form\" novalidate=\"novalidate\" data-status=\"init\">\n<div style=\"display: none;\">\n<input type=\"hidden\" name=\"_wpcf7\" value=\"3296\" \/>\n<input type=\"hidden\" name=\"_wpcf7_version\" value=\"5.9.8\" \/>\n<input type=\"hidden\" name=\"_wpcf7_locale\" value=\"en_US\" \/>\n<input type=\"hidden\" name=\"_wpcf7_unit_tag\" value=\"wpcf7-f3296-o1\" \/>\n<input type=\"hidden\" name=\"_wpcf7_container_post\" value=\"0\" \/>\n<input type=\"hidden\" name=\"_wpcf7_posted_data_hash\" value=\"\" \/>\n<\/div>\n<p><span class=\"wpcf7-form-control-wrap\" data-name=\"your-name\"><input size=\"40\" maxlength=\"400\" class=\"wpcf7-form-control wpcf7-text wpcf7-validates-as-required\" aria-required=\"true\" aria-invalid=\"false\" placeholder=\"Ihr Name\" value=\"\" type=\"text\" name=\"your-name\" \/><\/span>\n<\/p>\n<p><span class=\"wpcf7-form-control-wrap\" data-name=\"your-email\"><input size=\"40\" maxlength=\"400\" class=\"wpcf7-form-control wpcf7-email wpcf7-validates-as-required wpcf7-text wpcf7-validates-as-email\" aria-required=\"true\" aria-invalid=\"false\" placeholder=\"Email\" value=\"\" type=\"email\" name=\"your-email\" \/><\/span>\n<\/p>\n<p><span class=\"wpcf7-form-control-wrap\" data-name=\"your-message\"><textarea cols=\"40\" rows=\"10\" maxlength=\"2000\" class=\"wpcf7-form-control wpcf7-textarea\" aria-invalid=\"false\" placeholder=\"Nachricht\" name=\"your-message\"><\/textarea><\/span>\n<\/p>\n<p><input class=\"wpcf7-form-control wpcf7-submit has-spinner\" type=\"submit\" value=\"Senden\" \/>\n<\/p><div class=\"wpcf7-response-output\" aria-hidden=\"true\"><\/div>\n<\/form>\n<\/div>\n[\/vc_column][vc_column width=&#8220;1\/6&#8243;][\/vc_column][\/vc_row][vc_row][vc_column][vc_empty_space height=&#8220;&#8220; alter_height=&#8220;large&#8220; hide_on_mobile=&#8220;&#8220;][\/vc_column][\/vc_row]<\/p>\n","protected":false},"excerpt":{"rendered":"<p>[vc_row][vc_column width=&#8220;1\/6&#8243;][\/vc_column][vc_column width=&#8220;2\/3&#8243;][vc_column_text] G\u00f6nnen Sie sich neue Erlebnisse,lassen Sie sich mit unseren Sekten verw\u00f6hnen. Wer die steirische Weinstra\u00dfe liebt, der findet ein St\u00fcckchen weiter s\u00fcdlich, mit dem HAUS DER SCHAUMWEINE FRANGE\u017d, in Gornja Radgona, ein wahres Paradies! [\/vc_column_text][vc_empty_space height=&#8220;&#8220; alter_height=&#8220;medium&#8220; hide_on_mobile=&#8220;&#8220;][\/vc_column][vc_column width=&#8220;1\/6&#8243;][\/vc_column][\/vc_row][vc_row][vc_column width=&#8220;1\/2&#8243;][\/vc_column][vc_column width=&#8220;1\/2&#8243;][\/vc_column][\/vc_row][vc_row][vc_column][vc_empty_space height=&#8220;&#8220; alter_height=&#8220;large&#8220; hide_on_mobile=&#8220;&#8220;][\/vc_column][\/vc_row][vc_row][vc_column width=&#8220;1\/2&#8243;][\/vc_column][vc_column width=&#8220;1\/2&#8243;][\/vc_column][\/vc_row][vc_row][vc_column][vc_empty_space height=&#8220;&#8220; alter_height=&#8220;medium&#8220; hide_on_mobile=&#8220;&#8220;][vc_column_text] Alle Preise mit Mehrwertsteuer. [\/vc_column_text][vc_empty_space height=&#8220;&#8220; alter_height=&#8220;medium&#8220; hide_on_mobile=&#8220;&#8220;][\/vc_column][\/vc_row][vc_row][vc_column&hellip;<\/p>\n","protected":false},"author":3,"featured_media":0,"parent":0,"menu_order":0,"comment_status":"closed","ping_status":"closed","template":"","meta":{"footnotes":""},"_links":{"self":[{"href":"https:\/\/hisapeninfrangez.si\/de\/wp-json\/wp\/v2\/pages\/2918"}],"collection":[{"href":"https:\/\/hisapeninfrangez.si\/de\/wp-json\/wp\/v2\/pages"}],"about":[{"href":"https:\/\/hisapeninfrangez.si\/de\/wp-json\/wp\/v2\/types\/page"}],"author":[{"embeddable":true,"href":"https:\/\/hisapeninfrangez.si\/de\/wp-json\/wp\/v2\/users\/3"}],"replies":[{"embeddable":true,"href":"https:\/\/hisapeninfrangez.si\/de\/wp-json\/wp\/v2\/comments?post=2918"}],"version-history":[{"count":0,"href":"https:\/\/hisapeninfrangez.si\/de\/wp-json\/wp\/v2\/pages\/2918\/revisions"}],"wp:attachment":[{"href":"https:\/\/hisapeninfrangez.si\/de\/wp-json\/wp\/v2\/media?parent=2918"}],"curies":[{"name":"wp","href":"https:\/\/api.w.org\/{rel}","templated":true}]}}