{"id":211,"date":"2016-11-15T16:02:52","date_gmt":"2016-11-15T16:02:52","guid":{"rendered":"http:\/\/hisapeninfrangez.si\/de\/?page_id=211"},"modified":"2019-12-04T18:09:03","modified_gmt":"2019-12-04T17:09:03","slug":"rose","status":"publish","type":"page","link":"https:\/\/hisapeninfrangez.si\/de\/rose\/","title":{"rendered":"PINOT NOIR"},"content":{"rendered":"<p>[vc_row full_width=&#8220;stretch_row_content&#8220;][vc_column width=&#8220;2\/12&#8243;][\/vc_column][vc_column width=&#8220;4\/12&#8243;][vc_single_image image=&#8220;3102&#8243; img_size=&#8220;large&#8220; alignment=&#8220;center&#8220; style=&#8220;vc_box_border&#8220; onclick=&#8220;link_image&#8220;][\/vc_column][vc_column width=&#8220;4\/12&#8243;][vc_column_text]<\/p>\n<h3>SEC<\/h3>\n<p><strong>DUFT<\/strong>: Typische Charakteristik von Brotrinde und einem reichen K\u00f6rper, sorgf\u00e4ltig kombiniert mit Erdbeer-, Himbeer- und sanften Sauerkirschennuancen.<\/p>\n<p><strong>GESCHMACK<\/strong>: Eine vollkommene Symbiose des berauschenden Chardonnays mit der vollen Reife und Eleganz des Blauburgunders.<\/p>\n<p><strong>FARBE<\/strong>: Die Bl\u00e4schen ziehen beharrlich ihre Z\u00fcge in den charakteristischen Nuancen der Lachsfarbe.<\/p>\n<p><strong>ERG\u00c4NZT HERVORRAGEN<\/strong>: Fleischgerichte, Rindfleisch oder Lammfleisch. Auch gut am Ende eines netten und kulinarisch vielf\u00e4ltigen Abends.[\/vc_column_text][\/vc_column][vc_column width=&#8220;2\/12&#8243;][\/vc_column][\/vc_row][vc_row full_width=&#8220;stretch_row_content&#8220;][vc_column width=&#8220;2\/12&#8243;][\/vc_column][vc_column width=&#8220;8\/12&#8243;][vc_separator][\/vc_column][vc_column width=&#8220;2\/12&#8243;][\/vc_column][\/vc_row][vc_row full_width=&#8220;stretch_row_content&#8220;][vc_column width=&#8220;2\/12&#8243;][\/vc_column][vc_column width=&#8220;8\/12&#8243;][vc_column_text]<strong>Auge, Nase, Lippen<\/strong>: Die perfekte Symbiose aus Chardonnays berauschendem Aroma und Pinot Noir&#8217;s Eleganz. Die anhaltenden und lebhaften Blasen \u00fcbernehmen den markanten Lachsschatten des Weins. Die charakteristische Merkmale von Brotkruste und reichem K\u00f6rper verflechten sich zart mit den Noten von Erdbeeren, Himbeeren und weichen Nuancen von Sauerkirsche. Die Erfahrung der Verkostung dieses Sekts wird durch das Mosaik von fruchtigen Aromen und Struktur des K\u00f6rpers perfektioniert, so dass es, wenn Sie das wollen, perfekt ist um eine K\u00fchnheit zu einem besonderen, intimen Anlass zu bringen.<\/p>\n<p>Es geht hervorragend mit Fleischgerichten, Rindfleisch oder Lamm. Es kann auch dazu dienen, einen angenehmen und mehrschichtigen kulinarischen Abend abzuschlie\u00dfen.<\/p>\n<p>Sorte: Chardonnay, Pinot Noir<br \/>\nErnte: ausschlie\u00dflich von Hand<br \/>\nHerstellungsverfahren : Die traditionelle Methode-Methode Classique Traditionelle<br \/>\nAlkohol: 11,4% vol<br \/>\nJahrgang: 2007<\/p>\n<p>Serviertemperatur: 6-8\u00b0C<br \/>\nHerkunftsregion: Steiermark, Slowenien[\/vc_column_text][\/vc_column][vc_column width=&#8220;2\/12&#8243;][\/vc_column][\/vc_row][vc_row full_width=&#8220;stretch_row_content&#8220;][vc_column][vc_separator border_width=&#8220;2&#8243;][\/vc_column][\/vc_row][vc_row full_width=&#8220;stretch_row_content&#8220;][vc_column width=&#8220;2\/12&#8243;][\/vc_column][vc_column width=&#8220;4\/12&#8243;][vc_single_image image=&#8220;3098&#8243; img_size=&#8220;large&#8220; alignment=&#8220;center&#8220; style=&#8220;vc_box_border&#8220; onclick=&#8220;img_link_large&#8220;][\/vc_column][vc_column width=&#8220;4\/12&#8243;][vc_column_text]<\/p>\n<h3>BRUT NATUR<\/h3>\n<p><strong>DUFT<\/strong>: Die erste Sorte im Wein dr\u00fcckt Brotrinde und einen reichen K\u00f6rper aus und die zweite Sorte die typische Charakteristik von Beerenstr\u00e4ucher, Sauerkirschen und Kirschen.<\/p>\n<p><strong>GESCHMACK<\/strong>: Eine Kombination der typischen, vollaromatisch reifen Chardonnay-Sorte f\u00e4ngt elegant den Hauch des jungen fruchtigen Blauburgunders, was zu einem reichen und mehrlagigen K\u00f6rper dieses Schaumweins beitr\u00e4gt.<\/p>\n<p><strong>FARBE<\/strong>: Sanfter Farbton von reifenden Himbeeren.<\/p>\n<p><strong>ERG\u00c4NZT HERVORRAGEN<\/strong>: Gehen Sie einen Schritt weiter und bieten Sie Schaumwein bei Wild-, Rindfleisch- oder Lammgerichten an.[\/vc_column_text][\/vc_column][vc_column width=&#8220;2\/12&#8243;][\/vc_column][\/vc_row][vc_row full_width=&#8220;stretch_row_content&#8220;][vc_column width=&#8220;2\/12&#8243;][\/vc_column][vc_column width=&#8220;8\/12&#8243;][vc_separator][\/vc_column][vc_column width=&#8220;2\/12&#8243;][\/vc_column][\/vc_row][vc_row full_width=&#8220;stretch_row_content&#8220;][vc_column width=&#8220;2\/12&#8243;][\/vc_column][vc_column width=&#8220;8\/12&#8243;][vc_column_text]<strong>Auge, Nase, Lippen<\/strong>: Die Verflechtung des ausgesprochen typischen und vollaromatischen Chardonnay verk\u00f6rpert elegant den vollendeten jugendlichen und fruchtigen Duft des Pinot Noir, der zu dem reichhaltigen, vielschichtigen K\u00f6rper des Schaumweins beitr\u00e4gt. Die anhaltenden und lebhaften Blasen \u00fcbernehmen den markanten Lachsschatten des Weins. Die erste enthaltene Sorte dr\u00fcckt die Brotkrustnote und einen reichen K\u00f6rper aus, w\u00e4hrend die zweite die Eigenschaften von Beeren, Sauerkirschen und Kirschen tr\u00e4gt. Alles in allem ist es eine hervorragende Verflechtung von zwei Nuancen verschmolzt in eine reine Perfektion und v\u00f6llige Freude.<\/p>\n<p>Dieser Sekt wird am besten neben w\u00fcrzigem Fingerfood oder Cracker serviert. Wenn Sie sich mutig genug f\u00fchlen, um einen Schritt weiter zu machen, geht es auch gut mit Wildfleisch, Rindfleisch und Lammgerichte.<\/p>\n<p>Sorte: Chardonnay, Pinot Noir<br \/>\nErnte: ausschlie\u00dflich von Hand<br \/>\nHerstellungart : Die traditionelle Methode-Methode Classique Traditionelle<br \/>\nAlkohol: 11,6% vol<br \/>\nJahrgang: 2006<\/p>\n<p>Serviertemperatur: 6-8\u00b0C<br \/>\nHerkunftsregion: Steiermark, Slowenien[\/vc_column_text][\/vc_column][vc_column width=&#8220;2\/12&#8243;][\/vc_column][\/vc_row]<\/p>\n","protected":false},"excerpt":{"rendered":"<p>[vc_row full_width=&#8220;stretch_row_content&#8220;][vc_column width=&#8220;2\/12&#8243;][\/vc_column][vc_column width=&#8220;4\/12&#8243;][vc_single_image image=&#8220;3102&#8243; img_size=&#8220;large&#8220; alignment=&#8220;center&#8220; style=&#8220;vc_box_border&#8220; onclick=&#8220;link_image&#8220;][\/vc_column][vc_column width=&#8220;4\/12&#8243;][vc_column_text] SEC DUFT: Typische Charakteristik von Brotrinde und einem reichen K\u00f6rper, sorgf\u00e4ltig kombiniert mit Erdbeer-, Himbeer- und sanften Sauerkirschennuancen. GESCHMACK: Eine vollkommene Symbiose des berauschenden Chardonnays mit der vollen Reife und Eleganz des Blauburgunders. FARBE: Die Bl\u00e4schen ziehen beharrlich ihre Z\u00fcge in den charakteristischen Nuancen der Lachsfarbe. ERG\u00c4NZT HERVORRAGEN: Fleischgerichte, Rindfleisch&hellip;<\/p>\n","protected":false},"author":3,"featured_media":0,"parent":0,"menu_order":0,"comment_status":"closed","ping_status":"closed","template":"","meta":{"footnotes":""},"_links":{"self":[{"href":"https:\/\/hisapeninfrangez.si\/de\/wp-json\/wp\/v2\/pages\/211"}],"collection":[{"href":"https:\/\/hisapeninfrangez.si\/de\/wp-json\/wp\/v2\/pages"}],"about":[{"href":"https:\/\/hisapeninfrangez.si\/de\/wp-json\/wp\/v2\/types\/page"}],"author":[{"embeddable":true,"href":"https:\/\/hisapeninfrangez.si\/de\/wp-json\/wp\/v2\/users\/3"}],"replies":[{"embeddable":true,"href":"https:\/\/hisapeninfrangez.si\/de\/wp-json\/wp\/v2\/comments?post=211"}],"version-history":[{"count":0,"href":"https:\/\/hisapeninfrangez.si\/de\/wp-json\/wp\/v2\/pages\/211\/revisions"}],"wp:attachment":[{"href":"https:\/\/hisapeninfrangez.si\/de\/wp-json\/wp\/v2\/media?parent=211"}],"curies":[{"name":"wp","href":"https:\/\/api.w.org\/{rel}","templated":true}]}}