{"id":171,"date":"2016-11-15T15:53:08","date_gmt":"2016-11-15T15:53:08","guid":{"rendered":"http:\/\/hisapeninfrangez.si\/de\/?page_id=171"},"modified":"2019-12-04T18:15:32","modified_gmt":"2019-12-04T17:15:32","slug":"traminer","status":"publish","type":"page","link":"https:\/\/hisapeninfrangez.si\/de\/traminer\/","title":{"rendered":"TRAMINER"},"content":{"rendered":"<p>[vc_row full_width=&#8220;stretch_row_content&#8220;][vc_column width=&#8220;2\/12&#8243;][\/vc_column][vc_column width=&#8220;4\/12&#8243;][vc_single_image image=&#8220;3110&#8243; img_size=&#8220;large&#8220; alignment=&#8220;center&#8220; style=&#8220;vc_box_border&#8220; onclick=&#8220;link_image&#8220;][\/vc_column][vc_column width=&#8220;4\/12&#8243;][vc_column_text]<\/p>\n<h3>SEC<\/h3>\n<p><strong>DUFT<\/strong>: Besonderes Rosenaroma, abgeschlossen mit einem pikanten Unterton, der am Ende des letzten Schlucks gesp\u00fcrt wird.<\/p>\n<p><strong>GESCHMACK<\/strong>: Typische Aromen der Traubensorte mit einem verf\u00fchrerischen Geschmack, das sogar die anspruchsvollsten Schaumweinkenner begeistert.<\/p>\n<p><strong>FARBE<\/strong>: Ausdauernde Eleganz der Bl\u00e4schen in einem goldgelben Farbton symbolisiert die ideale Harmonie und das Reichtum des K\u00f6rpers.<\/p>\n<p><strong>ERG\u00c4NZT HERVORRAGEN<\/strong>: In einer mehr gewagter Version als Begleitung von asiatischen Gerichten oder besonders pikanten Gerichten. Serviert am Ende des Gerichts braucht es keine zus\u00e4tzliche Erg\u00e4nzung.[\/vc_column_text][\/vc_column][vc_column width=&#8220;2\/12&#8243;][\/vc_column][\/vc_row][vc_row full_width=&#8220;stretch_row_content&#8220;][vc_column width=&#8220;2\/12&#8243;][\/vc_column][vc_column width=&#8220;8\/12&#8243;][vc_separator][\/vc_column][vc_column width=&#8220;2\/12&#8243;][\/vc_column][\/vc_row][vc_row full_width=&#8220;stretch_row_content&#8220;][vc_column width=&#8220;2\/12&#8243;][\/vc_column][vc_column width=&#8220;8\/12&#8243;][vc_column_text]<strong>Auge, Nase, Lippen<\/strong>: Dieser halbtrockene Traminer er\u00f6ffnet eine v\u00f6llig neue Dimension des Hauses der Schaumweine Frange\u017e. Die anhaltende Eleganz der Blasen in gold-gelben Schatten symbolisiert die ideale Harmonie und Reichtum des K\u00f6rpers. Das typische Sortenaroma entfaltet sich zu einem verf\u00fchrerisch erkennbaren Geschmack, der auch die anspruchsvollsten Sektliebhaber begeistern wird. Der leicht w\u00fcrzige Nachgeschmack des Weines erinnert an Nelken und einen warmen Winterabend, \u00fcberrascht zus\u00e4tzlich mit der Note eines dringend ben\u00f6tigten Selbstvertrauens.<\/p>\n<p>Dieser Sekt erf\u00fcllt die Einf\u00fchrung in jede Mahlzeit, vor allem f\u00fcr asiatische Gerichte und sehr w\u00fcrzige Speisen. Es kann auch alleine serviert werden, um eine Mahlzeit zu beenden.<\/p>\n<p>Sorte: Traminer<br \/>\nErnte: ausschlie\u00dflich von Hand<br \/>\nHerstellungsart: Traditionelle Methode-Methode Classique Traditionelle<br \/>\nAlkohol: 12,5% vol<br \/>\nJahrgang: 2008<\/p>\n<p>Anerkennungen:<\/p>\n<ul>\n<li>International Wine &amp; Spirit Competition London, Bronze, 2010<\/li>\n<\/ul>\n<p>Serviertemperatur: 6-8\u00b0C<br \/>\nHerkunftsregion: Steiermark, Slowenien[\/vc_column_text][\/vc_column][vc_column width=&#8220;2\/12&#8243;][\/vc_column][\/vc_row][vc_row full_width=&#8220;stretch_row_content&#8220;][vc_column][vc_separator border_width=&#8220;2&#8243;][\/vc_column][\/vc_row][vc_row full_width=&#8220;stretch_row_content&#8220;][vc_column width=&#8220;2\/12&#8243;][\/vc_column][vc_column width=&#8220;4\/12&#8243;][vc_single_image image=&#8220;3106&#8243; img_size=&#8220;large&#8220; alignment=&#8220;center&#8220; style=&#8220;vc_box_border&#8220; onclick=&#8220;img_link_large&#8220;][\/vc_column][vc_column width=&#8220;4\/12&#8243;][vc_column_text]<\/p>\n<h3>BRUT NATUR<\/h3>\n<p><strong>DUFT<\/strong>: Typische Wildrosenbl\u00fcten, die in einem intensiven Aroma der reifen Trauben reichlich fortgesetzt werden.<\/p>\n<p><strong>GESCHMACK<\/strong>: Mosaik von s\u00fc\u00dfen Karotten und Gew\u00fcrznelken k\u00fcndigt an, dass dieser Schaumwein eine hervorragende Einleitung in ein angenehmes kulinarisches Erlebnis ist.<\/p>\n<p><strong>FARBE<\/strong>: Sanfte Intonation einer edlen goldgelben Farbe.<\/p>\n<p><strong>ERG\u00c4NZT HERVORRAGEN<\/strong>: Als Begleitung des kompromisslosen Lachs ober einer Auswahl von pikanten K\u00e4sen.[\/vc_column_text][\/vc_column][vc_column width=&#8220;2\/12&#8243;][\/vc_column][\/vc_row][vc_row full_width=&#8220;stretch_row_content&#8220;][vc_column width=&#8220;2\/12&#8243;][\/vc_column][vc_column width=&#8220;8\/12&#8243;][vc_separator][\/vc_column][vc_column width=&#8220;2\/12&#8243;][\/vc_column][\/vc_row][vc_row full_width=&#8220;stretch_row_content&#8220;][vc_column width=&#8220;2\/12&#8243;][\/vc_column][vc_column width=&#8220;8\/12&#8243;][vc_column_text]<strong>Auge, Nase, Lippen<\/strong>: Der lebhafte Aufstieg der Blasen im Glas l\u00e4sst uns wissen, dass es sich um etwas K\u00f6nigliches handelt. Der Duft der wilden Rosen f\u00fchrt in eine reiche Struktur und Harmonie des K\u00f6rpers und zeigt, dass die sorgf\u00e4ltig gepflegte Trauben, die in den Weinbergen des Hauses der Schaumweine Frange\u017e wachsen, vollkommen gereift sind. Die Aroma wird durch ein Mosaik aus S\u00fc\u00dfholzwurzeln und Nelken charakterisiert, weshalb die Wahl dieses Sektes den Beginn und die Fortsetzung eines gro\u00dfen gesellschaftlichen Anlasses und kulinarischen Erlebnisses signalisiert.<\/p>\n<p>Die unvergessliche Eleganz im Glas wird am besten durch ausgew\u00e4hlte Musik erg\u00e4nzt. Dieser Wein wird am besten zusammen mit ger\u00e4uchertem Lachs oder leicht w\u00fcrzigen K\u00e4sesorten serviert.<\/p>\n<p>Sorte: Traminer\/Savagnin Blanc<br \/>\nErnte: ausschlie\u00dflich von Hand<br \/>\nHerstellungsverfahren : Traditionelle Methode-Methode Classique Traditionelle<br \/>\nAlkohol: 12,5% vol<br \/>\nJahrgang: 2008<\/p>\n<p>Anerkennungen:<\/p>\n<ul>\n<li>2010, International Wine &amp; Spirit Competition London, Bronze<\/li>\n<li>Ritter Wein im Jahr 2013, Ordo Equestris vini Europae, 2013<\/li>\n<\/ul>\n<p>Serviertemperatur: 6-8\u00b0C<br \/>\nHerkunftsregion: Steiermark, Slowenien[\/vc_column_text][\/vc_column][vc_column width=&#8220;2\/12&#8243;][\/vc_column][\/vc_row]<\/p>\n","protected":false},"excerpt":{"rendered":"<p>[vc_row full_width=&#8220;stretch_row_content&#8220;][vc_column width=&#8220;2\/12&#8243;][\/vc_column][vc_column width=&#8220;4\/12&#8243;][vc_single_image image=&#8220;3110&#8243; img_size=&#8220;large&#8220; alignment=&#8220;center&#8220; style=&#8220;vc_box_border&#8220; onclick=&#8220;link_image&#8220;][\/vc_column][vc_column width=&#8220;4\/12&#8243;][vc_column_text] SEC DUFT: Besonderes Rosenaroma, abgeschlossen mit einem pikanten Unterton, der am Ende des letzten Schlucks gesp\u00fcrt wird. GESCHMACK: Typische Aromen der Traubensorte mit einem verf\u00fchrerischen Geschmack, das sogar die anspruchsvollsten Schaumweinkenner begeistert. FARBE: Ausdauernde Eleganz der Bl\u00e4schen in einem goldgelben Farbton symbolisiert die ideale Harmonie und das Reichtum des K\u00f6rpers.&hellip;<\/p>\n","protected":false},"author":3,"featured_media":0,"parent":0,"menu_order":0,"comment_status":"closed","ping_status":"closed","template":"","meta":{"footnotes":""},"_links":{"self":[{"href":"https:\/\/hisapeninfrangez.si\/de\/wp-json\/wp\/v2\/pages\/171"}],"collection":[{"href":"https:\/\/hisapeninfrangez.si\/de\/wp-json\/wp\/v2\/pages"}],"about":[{"href":"https:\/\/hisapeninfrangez.si\/de\/wp-json\/wp\/v2\/types\/page"}],"author":[{"embeddable":true,"href":"https:\/\/hisapeninfrangez.si\/de\/wp-json\/wp\/v2\/users\/3"}],"replies":[{"embeddable":true,"href":"https:\/\/hisapeninfrangez.si\/de\/wp-json\/wp\/v2\/comments?post=171"}],"version-history":[{"count":0,"href":"https:\/\/hisapeninfrangez.si\/de\/wp-json\/wp\/v2\/pages\/171\/revisions"}],"wp:attachment":[{"href":"https:\/\/hisapeninfrangez.si\/de\/wp-json\/wp\/v2\/media?parent=171"}],"curies":[{"name":"wp","href":"https:\/\/api.w.org\/{rel}","templated":true}]}}