{"id":135,"date":"2016-11-15T15:45:20","date_gmt":"2016-11-15T15:45:20","guid":{"rendered":"http:\/\/hisapeninfrangez.si\/de\/?page_id=135"},"modified":"2016-11-15T16:51:10","modified_gmt":"2016-11-15T16:51:10","slug":"region","status":"publish","type":"page","link":"https:\/\/hisapeninfrangez.si\/de\/region\/","title":{"rendered":"Region"},"content":{"rendered":"<p>[vc_row full_width=&#8220;stretch_row&#8220;][vc_column][vc_empty_space height=&#8220;&#8220; hide_on_mobile=&#8220;&#8220;]<div  \n\tclass=\"sc_promo sc_promo_default sc_promo_size_normal sc_promo_no_paddings sc_promo_no_image\"\n\t\t><div class=\"sc_promo_text sc_float_center\" style=\"width: 100%;\">\n\t\t\t<div class=\"sc_promo_text_inner sc_align_center\" style=\"\"><div class=\"sc_promo_icon\" data-icon=\"icon-grape-3\"><span class=\"icon-grape-3\"><\/span><\/div><h2 class=\"sc_item_title sc_promo_title\">WEINBERGE<\/h2><div class=\"sc_promo_content sc_item_content\">[vc_column_text]<\/p>\n<p class=\"western\" align=\"center\">Das Slowenische Weinbaugebiet \u0160tajerska mit einer Oberfl\u00e4che von 8685 Hektar geh\u00f6rt zu dem gr\u00f6\u00dferen Weinbaugebiet Podravje, das die idealen Bedingungen f\u00fcr den Anbau von eleganten und sortentypischen Weinen anbietet.<\/p>\n<p class=\"western\" align=\"center\">Die h\u00fcgelige Landschaft mit einer durchschnittlichen H\u00f6he der Weinberge zwischen 250 und 400 Meter versteckt eine Besonderheit: die Weinst\u00f6cke des Hauses der Schaumweine Frange\u017e.<\/p>\n<p class=\"western\" align=\"center\">Die kontinentale Eigenschaften der lokalen Klima mit hei\u00dfen Sommern und kalten Wintern erm\u00f6glichen hervorragende Bedingungen f\u00fcr elegante und sortentypische Trauben, die unter den raffinierten Fingern des Teams des Hauses der Schaumweine Frange\u017e ihren typischen und erkennbaren Charakter erhalten. In unseren Weinbergen finden Sie Chardonnay- und Blauburgundertrauben \u2013 die Grundvoraussetzung f\u00fcr die Weiterentwicklung der Weingeschichte in unserem Keller.<\/p>\n<p>[\/vc_column_text]<\/div><\/div>\n\t\t<\/div><!-- \/.sc_promo_text --><\/div><!-- \/.sc_promo -->[vc_empty_space height=&#8220;&#8220; hide_on_mobile=&#8220;&#8220;][\/vc_column][\/vc_row]<\/p>\n","protected":false},"excerpt":{"rendered":"<p>[vc_row full_width=&#8220;stretch_row&#8220;][vc_column][vc_empty_space height=&#8220;&#8220; hide_on_mobile=&#8220;&#8220;][vc_empty_space height=&#8220;&#8220; hide_on_mobile=&#8220;&#8220;][\/vc_column][\/vc_row]<\/p>\n","protected":false},"author":3,"featured_media":350,"parent":0,"menu_order":0,"comment_status":"closed","ping_status":"closed","template":"","meta":{"footnotes":""},"_links":{"self":[{"href":"https:\/\/hisapeninfrangez.si\/de\/wp-json\/wp\/v2\/pages\/135"}],"collection":[{"href":"https:\/\/hisapeninfrangez.si\/de\/wp-json\/wp\/v2\/pages"}],"about":[{"href":"https:\/\/hisapeninfrangez.si\/de\/wp-json\/wp\/v2\/types\/page"}],"author":[{"embeddable":true,"href":"https:\/\/hisapeninfrangez.si\/de\/wp-json\/wp\/v2\/users\/3"}],"replies":[{"embeddable":true,"href":"https:\/\/hisapeninfrangez.si\/de\/wp-json\/wp\/v2\/comments?post=135"}],"version-history":[{"count":0,"href":"https:\/\/hisapeninfrangez.si\/de\/wp-json\/wp\/v2\/pages\/135\/revisions"}],"wp:featuredmedia":[{"embeddable":true,"href":"https:\/\/hisapeninfrangez.si\/de\/wp-json\/wp\/v2\/media\/350"}],"wp:attachment":[{"href":"https:\/\/hisapeninfrangez.si\/de\/wp-json\/wp\/v2\/media?parent=135"}],"curies":[{"name":"wp","href":"https:\/\/api.w.org\/{rel}","templated":true}]}}