{"id":119,"date":"2016-11-15T15:41:24","date_gmt":"2016-11-15T14:41:24","guid":{"rendered":"http:\/\/hisapeninfrangez.si\/de\/?page_id=119"},"modified":"2017-02-05T20:29:13","modified_gmt":"2017-02-05T19:29:13","slug":"kontaktieren-sie-uns","status":"publish","type":"page","link":"https:\/\/hisapeninfrangez.si\/de\/kontaktieren-sie-uns\/","title":{"rendered":"Kontakt"},"content":{"rendered":"<p>[vc_row][vc_column]\n<div class=\"wpcf7 no-js\" id=\"wpcf7-f904-o1\" lang=\"en-US\" dir=\"ltr\">\n<div class=\"screen-reader-response\"><p role=\"status\" aria-live=\"polite\" aria-atomic=\"true\"><\/p> <ul><\/ul><\/div>\n<form action=\"\/de\/wp-json\/wp\/v2\/pages\/119#wpcf7-f904-o1\" method=\"post\" class=\"wpcf7-form init\" aria-label=\"Contact form\" novalidate=\"novalidate\" data-status=\"init\">\n<div style=\"display: none;\">\n<input type=\"hidden\" name=\"_wpcf7\" value=\"904\" \/>\n<input type=\"hidden\" name=\"_wpcf7_version\" value=\"5.9.8\" \/>\n<input type=\"hidden\" name=\"_wpcf7_locale\" value=\"en_US\" \/>\n<input type=\"hidden\" name=\"_wpcf7_unit_tag\" value=\"wpcf7-f904-o1\" \/>\n<input type=\"hidden\" name=\"_wpcf7_container_post\" value=\"0\" \/>\n<input type=\"hidden\" name=\"_wpcf7_posted_data_hash\" value=\"\" \/>\n<\/div>\n<p><span class=\"wpcf7-form-control-wrap\" data-name=\"your-name\"><input size=\"40\" maxlength=\"400\" class=\"wpcf7-form-control wpcf7-text wpcf7-validates-as-required\" aria-required=\"true\" aria-invalid=\"false\" placeholder=\"Name\" value=\"\" type=\"text\" name=\"your-name\" \/><\/span>\n<\/p>\n<p><span class=\"wpcf7-form-control-wrap\" data-name=\"your-email\"><input size=\"40\" maxlength=\"400\" class=\"wpcf7-form-control wpcf7-email wpcf7-validates-as-required wpcf7-text wpcf7-validates-as-email\" aria-required=\"true\" aria-invalid=\"false\" placeholder=\"Email\" value=\"\" type=\"email\" name=\"your-email\" \/><\/span>\n<\/p>\n<p><span class=\"wpcf7-form-control-wrap\" data-name=\"your-message\"><textarea cols=\"40\" rows=\"10\" maxlength=\"2000\" class=\"wpcf7-form-control wpcf7-textarea\" aria-invalid=\"false\" placeholder=\"Nachricht\" name=\"your-message\"><\/textarea><\/span>\n<\/p>\n<p><span class=\"wpcf7-form-control-wrap\" data-name=\"prebral\"><span class=\"wpcf7-form-control wpcf7-acceptance\"><span class=\"wpcf7-list-item\"><label><input type=\"checkbox\" name=\"prebral\" value=\"1\" aria-invalid=\"false\" \/><span class=\"wpcf7-list-item-label\">Ich bin damit einverstanden, dass Hi\u0161a penin Frange\u017e die Daten aus dem Kontaktformular ausschlie\u00dflich f\u00fcr die elektronische Kommunikation mit mir verwenden darf.<\/span><\/label><\/span><\/span><\/span>\n<\/p>\n<p><input class=\"wpcf7-form-control wpcf7-submit has-spinner\" type=\"submit\" value=\"Senden\" \/>\n<\/p><div class=\"wpcf7-response-output\" aria-hidden=\"true\"><\/div>\n<\/form>\n<\/div>\n[\/vc_column][\/vc_row][vc_row full_width=&#8220;stretch_row_content_no_spaces&#8220;][vc_column][vc_empty_space height=&#8220;&#8220; alter_height=&#8220;medium&#8220; hide_on_mobile=&#8220;&#8220;]<div id=\"sc_googlemap_1413214442_wrap\" class=\"sc_googlemap_wrap\"><div id=\"sc_googlemap_1413214442\"\n\t\t\tclass=\"sc_googlemap sc_googlemap_detailed\"\n\t\t\t style=\"width:100%;height:660px;\"\t\t\tdata-zoom=\"15\"\n\t\t\tdata-style=\"default\"\n    ><div id=\"sc_googlemap_1413214442_1\" class=\"sc_googlemap_marker\"\n                       data-latlng=\"46.673973,15.987071\"\n                       data-address=\"46.674240, 15.963912\"\n                       data-description=\"\"\n                       data-title=\"Tukaj smo!\"\n                       data-animation=\"\"\n                       data-icon=\"362\"\n                       data-icon_shadow=\"\"\n                       data-icon_width=\"\"\n                       data-icon_height=\"\"\n                ><\/div><\/div><div class=\"sc_googlemap_content sc_googlemap_content_detailed\">[vc_column_text]<em><strong>Adresse:<\/strong><\/em><br \/>\nHi\u0161a penin Frange\u017e, Hercegov\u0161\u010dak 41a,<br \/>\n9250 Gornja Radgona, Slovenien<\/p>\n<p>Jernej Frange\u017e<\/p>\n<p><em><strong>Telefon:<\/strong><\/em><br \/>\n00386 (0)41 716 527[\/vc_column_text]<\/div><\/div><!-- \/.sc_googlemap_wrap -->[\/vc_column][\/vc_row][vc_row disable_element=&#8220;yes&#8220;][vc_column]<div  \n\tclass=\"sc_icons sc_icons_default sc_icons_size_large sc_align_center\"\n\t\t><div class=\"sc_icons_item\"><div class=\"sc_icons_icon sc_icons_icon_type_fontawesome icon-winery\"\n\t\t\t\t\t\t\t\t\t\t\t\t><span class=\"sc_icons_icon_type_fontawesome icon-winery\"\n\t\t\t\t\t\t\t\t\t\t\t\t\t><\/span><\/div><\/div><\/div><!-- \/.sc_icons -->[\/vc_column][\/vc_row]<\/p>\n","protected":false},"excerpt":{"rendered":"<p>[vc_row][vc_column][\/vc_column][\/vc_row][vc_row full_width=&#8220;stretch_row_content_no_spaces&#8220;][vc_column][vc_empty_space height=&#8220;&#8220; alter_height=&#8220;medium&#8220; hide_on_mobile=&#8220;&#8220;][\/vc_column][\/vc_row][vc_row disable_element=&#8220;yes&#8220;][vc_column][\/vc_column][\/vc_row]<\/p>\n","protected":false},"author":3,"featured_media":0,"parent":0,"menu_order":0,"comment_status":"closed","ping_status":"closed","template":"","meta":{"footnotes":""},"_links":{"self":[{"href":"https:\/\/hisapeninfrangez.si\/de\/wp-json\/wp\/v2\/pages\/119"}],"collection":[{"href":"https:\/\/hisapeninfrangez.si\/de\/wp-json\/wp\/v2\/pages"}],"about":[{"href":"https:\/\/hisapeninfrangez.si\/de\/wp-json\/wp\/v2\/types\/page"}],"author":[{"embeddable":true,"href":"https:\/\/hisapeninfrangez.si\/de\/wp-json\/wp\/v2\/users\/3"}],"replies":[{"embeddable":true,"href":"https:\/\/hisapeninfrangez.si\/de\/wp-json\/wp\/v2\/comments?post=119"}],"version-history":[{"count":0,"href":"https:\/\/hisapeninfrangez.si\/de\/wp-json\/wp\/v2\/pages\/119\/revisions"}],"wp:attachment":[{"href":"https:\/\/hisapeninfrangez.si\/de\/wp-json\/wp\/v2\/media?parent=119"}],"curies":[{"name":"wp","href":"https:\/\/api.w.org\/{rel}","templated":true}]}}