{"id":108,"date":"2016-11-15T15:38:41","date_gmt":"2016-11-15T15:38:41","guid":{"rendered":"http:\/\/hisapeninfrangez.si\/de\/?page_id=108"},"modified":"2019-12-08T10:37:54","modified_gmt":"2019-12-08T09:37:54","slug":"auszeichnungen-und-preise","status":"publish","type":"page","link":"https:\/\/hisapeninfrangez.si\/de\/auszeichnungen-und-preise\/","title":{"rendered":"Auszeichnungen und Preise"},"content":{"rendered":"<p>[vc_row full_width=&#8220;stretch_row_content&#8220;][vc_column width=&#8220;1\/12&#8243;][\/vc_column][vc_column width=&#8220;5\/12&#8243;][vc_single_image image=&#8220;3592&#8243; img_size=&#8220;large&#8220;][vc_empty_space height=&#8220;&#8220; hide_on_mobile=&#8220;&#8220;][\/vc_column][vc_column width=&#8220;5\/12&#8243;][vc_column_text]<\/p>\n<blockquote><p>Wir sind stolz, dass unsere Geschm\u00e4cke auch von internationalen Experten anerkannt wurden.<\/p><\/blockquote>\n<ul>\n<li>Im Jahr 2016 best\u00e4tigt seitens des Expertengremiums des ber\u00fchmten internationalen Wettbewerbs FingerLakes NY \u2013 Doppelgoldmedaille f\u00fcr das s\u00fc\u00dfe Schaumwein Weinbergpfirsich, Silbermedaillen f\u00fcr das halbtrockene Schaumwein Premier Chardonnay in das halbtrockene Schaumwein Premier Traminer, und Bronzemedaille f\u00fcr das s\u00fc\u00dfe Schaumwein Sauerkirsche.<\/li>\n<li>2010, International Wine &amp; Spirit Competition London, Doppelbronzemedaille f\u00fcr die Schaumweine Traminer<\/li>\n<li>Wir nehmen regelm\u00e4\u00dfig an Prestigeweinbewertungen in Ljubljana, Zagreb und Wien teil, wo unsere Weine niemals entt\u00e4uschen.<\/li>\n<li>Das trockene Schaumwein Traminer erhielt auch den Prestigetitel Ritterwein 2013, OrdoEquestris vini Europae<\/li>\n<\/ul>\n<p>[\/vc_column_text][\/vc_column][vc_column width=&#8220;1\/12&#8243;][\/vc_column][\/vc_row]<\/p>\n","protected":false},"excerpt":{"rendered":"<p>[vc_row full_width=&#8220;stretch_row_content&#8220;][vc_column width=&#8220;1\/12&#8243;][\/vc_column][vc_column width=&#8220;5\/12&#8243;][vc_single_image image=&#8220;3592&#8243; img_size=&#8220;large&#8220;][vc_empty_space height=&#8220;&#8220; hide_on_mobile=&#8220;&#8220;][\/vc_column][vc_column width=&#8220;5\/12&#8243;][vc_column_text] Wir sind stolz, dass unsere Geschm\u00e4cke auch von internationalen Experten anerkannt wurden. Im Jahr 2016 best\u00e4tigt seitens des Expertengremiums des ber\u00fchmten internationalen Wettbewerbs FingerLakes NY \u2013 Doppelgoldmedaille f\u00fcr das s\u00fc\u00dfe Schaumwein Weinbergpfirsich, Silbermedaillen f\u00fcr das halbtrockene Schaumwein Premier Chardonnay in das halbtrockene Schaumwein Premier Traminer, und Bronzemedaille f\u00fcr das s\u00fc\u00dfe Schaumwein&hellip;<\/p>\n","protected":false},"author":3,"featured_media":0,"parent":0,"menu_order":0,"comment_status":"closed","ping_status":"closed","template":"","meta":{"footnotes":""},"_links":{"self":[{"href":"https:\/\/hisapeninfrangez.si\/de\/wp-json\/wp\/v2\/pages\/108"}],"collection":[{"href":"https:\/\/hisapeninfrangez.si\/de\/wp-json\/wp\/v2\/pages"}],"about":[{"href":"https:\/\/hisapeninfrangez.si\/de\/wp-json\/wp\/v2\/types\/page"}],"author":[{"embeddable":true,"href":"https:\/\/hisapeninfrangez.si\/de\/wp-json\/wp\/v2\/users\/3"}],"replies":[{"embeddable":true,"href":"https:\/\/hisapeninfrangez.si\/de\/wp-json\/wp\/v2\/comments?post=108"}],"version-history":[{"count":0,"href":"https:\/\/hisapeninfrangez.si\/de\/wp-json\/wp\/v2\/pages\/108\/revisions"}],"wp:attachment":[{"href":"https:\/\/hisapeninfrangez.si\/de\/wp-json\/wp\/v2\/media?parent=108"}],"curies":[{"name":"wp","href":"https:\/\/api.w.org\/{rel}","templated":true}]}}